{"id":102,"date":"2022-10-26T21:11:41","date_gmt":"2022-10-26T19:11:41","guid":{"rendered":"http:\/\/patermachac.farnostmatej.cz\/?page_id=102"},"modified":"2022-10-26T21:19:05","modified_gmt":"2022-10-26T19:19:05","slug":"videoarchiv","status":"publish","type":"page","link":"http:\/\/patermachac.farnostmatej.cz\/?page_id=102","title":{"rendered":"Videoarchiv"},"content":{"rendered":"\n<p class=\"has-text-align-center\">M\u0161e svat\u00e1 otce Jana Macha\u010de u sv. V\u00e1clava, 26. prosince 2004<br>(kamera, st\u0159ih: Jan Nov\u00e1k)<\/p>\n\n\n\n<figure class=\"wp-block-embed is-provider-youtube wp-block-embed-youtube\"><div class=\"wp-block-embed__wrapper\">\n<iframe loading=\"lazy\" width=\"420\" height=\"315\" src=\"http:\/\/www.youtube.com\/embed\/OsUdQbFg5Bc\" frameborder=\"0\" allowfullscreen=\"\"><\/iframe>\n<\/div><\/figure>\n\n\n\n<hr class=\"wp-block-separator has-alpha-channel-opacity\"\/>\n\n\n\n<p class=\"has-text-align-center\">Sv\u011bcen\u00ed zvon\u016f u sv. Mat\u011bje, 1990<br>(Heslo: Mat\u011bj)<\/p>\n\n\n\n<figure class=\"wp-block-embed is-type-video is-provider-vimeo wp-block-embed-vimeo\"><div class=\"wp-block-embed__wrapper\">\n<iframe loading=\"lazy\" src=\"https:\/\/player.vimeo.com\/video\/98842248?dnt=1&amp;app_id=122963\" width=\"600\" height=\"480\" frameborder=\"0\" allow=\"autoplay; fullscreen; picture-in-picture; clipboard-write\"><\/iframe>\n<\/div><\/figure>\n","protected":false},"excerpt":{"rendered":"<p>M\u0161e svat\u00e1 otce Jana Macha\u010de u sv. V\u00e1clava, 26. prosince 2004(kamera, st\u0159ih: Jan Nov\u00e1k) Sv\u011bcen\u00ed zvon\u016f u sv. Mat\u011bje, 1990(Heslo: Mat\u011bj)<\/p>\n","protected":false},"author":1,"featured_media":0,"parent":0,"menu_order":0,"comment_status":"closed","ping_status":"closed","template":"","meta":{"footnotes":""},"class_list":["post-102","page","type-page","status-publish","hentry"],"_links":{"self":[{"href":"http:\/\/patermachac.farnostmatej.cz\/index.php?rest_route=\/wp\/v2\/pages\/102","targetHints":{"allow":["GET"]}}],"collection":[{"href":"http:\/\/patermachac.farnostmatej.cz\/index.php?rest_route=\/wp\/v2\/pages"}],"about":[{"href":"http:\/\/patermachac.farnostmatej.cz\/index.php?rest_route=\/wp\/v2\/types\/page"}],"author":[{"embeddable":true,"href":"http:\/\/patermachac.farnostmatej.cz\/index.php?rest_route=\/wp\/v2\/users\/1"}],"replies":[{"embeddable":true,"href":"http:\/\/patermachac.farnostmatej.cz\/index.php?rest_route=%2Fwp%2Fv2%2Fcomments&post=102"}],"version-history":[{"count":4,"href":"http:\/\/patermachac.farnostmatej.cz\/index.php?rest_route=\/wp\/v2\/pages\/102\/revisions"}],"predecessor-version":[{"id":110,"href":"http:\/\/patermachac.farnostmatej.cz\/index.php?rest_route=\/wp\/v2\/pages\/102\/revisions\/110"}],"wp:attachment":[{"href":"http:\/\/patermachac.farnostmatej.cz\/index.php?rest_route=%2Fwp%2Fv2%2Fmedia&parent=102"}],"curies":[{"name":"wp","href":"https:\/\/api.w.org\/{rel}","templated":true}]}}