{"id":111,"date":"2022-10-26T21:21:14","date_gmt":"2022-10-26T19:21:14","guid":{"rendered":"http:\/\/patermachac.farnostmatej.cz\/?page_id=111"},"modified":"2022-11-26T01:57:34","modified_gmt":"2022-11-26T00:57:34","slug":"odkazy","status":"publish","type":"page","link":"http:\/\/patermachac.farnostmatej.cz\/?page_id=111","title":{"rendered":"Odkazy"},"content":{"rendered":"\n<h3 class=\"wp-block-heading\">Webov\u00e9 str\u00e1nky farnosti sv. Mat\u011bje &#8211;\u00a0<a href=\"http:\/\/www.farnostmatej.cz\/\" data-type=\"URL\" data-id=\"http:\/\/www.farnostmatej.cz\/\" target=\"_blank\" rel=\"noreferrer noopener\">www.farnostmatej.cz<\/a><\/h3>\n\n\n\n<h3 class=\"wp-block-heading\">Webov\u00e9 str\u00e1nky farnosti Lide\u010dko &#8211;&nbsp;<a href=\"http:\/\/farnost.lidecko.cz\/farnost.lidecko.cz\/\" target=\"_blank\" rel=\"noreferrer noopener\">farnost.lidecko.cz<\/a><\/h3>\n\n\n\n<h3 class=\"wp-block-heading\">Pov\u00edd\u00e1n\u00ed o p\u00e1teru Macha\u010di na webu Horn\u00ed Lid\u010de &#8211;<a href=\"http:\/\/www.hornilidec.cz\/index.php?linkID=txt80\" target=\"_blank\" rel=\"noreferrer noopener\">&nbsp;www.hornilidec.cz<\/a><\/h3>\n\n\n\n<h3 class=\"wp-block-heading\">Sv\u011bdectv\u00ed p\u00e1tera Macha\u010de na webu Pam\u011b\u0165 n\u00e1roda &#8211;&nbsp;<a href=\"http:\/\/www.pametnaroda.cz\/witness\/index\/id\/208\" target=\"_blank\" rel=\"noreferrer noopener\">www.pametnaroda.cz<\/a><\/h3>\n\n\n\n<h3 class=\"wp-block-heading\">Ozn\u00e1men\u00ed o \u00famrt\u00ed Mons. Macha\u010de na webu Arcibiskupstv\u00ed pra\u017esk\u00e9ho &#8211;\u00a0<a rel=\"noreferrer noopener\" href=\"http:\/\/www.apha.cz\/zemrel-mons-jan-machac\" target=\"_blank\">www.apha.cz<\/a><\/h3>\n","protected":false},"excerpt":{"rendered":"<p>Webov\u00e9 str\u00e1nky farnosti sv. Mat\u011bje &#8211;\u00a0www.farnostmatej.cz Webov\u00e9 str\u00e1nky farnosti Lide\u010dko &#8211;&nbsp;farnost.lidecko.cz Pov\u00edd\u00e1n\u00ed o p\u00e1teru Macha\u010di na webu Horn\u00ed Lid\u010de &#8211;&nbsp;www.hornilidec.cz Sv\u011bdectv\u00ed p\u00e1tera Macha\u010de na webu Pam\u011b\u0165 n\u00e1roda &#8211;&nbsp;www.pametnaroda.cz Ozn\u00e1men\u00ed o \u00famrt\u00ed Mons. Macha\u010de na webu Arcibiskupstv\u00ed pra\u017esk\u00e9ho &#8211;\u00a0www.apha.cz<\/p>\n","protected":false},"author":1,"featured_media":0,"parent":0,"menu_order":0,"comment_status":"closed","ping_status":"closed","template":"","meta":{"footnotes":""},"class_list":["post-111","page","type-page","status-publish","hentry"],"_links":{"self":[{"href":"http:\/\/patermachac.farnostmatej.cz\/index.php?rest_route=\/wp\/v2\/pages\/111","targetHints":{"allow":["GET"]}}],"collection":[{"href":"http:\/\/patermachac.farnostmatej.cz\/index.php?rest_route=\/wp\/v2\/pages"}],"about":[{"href":"http:\/\/patermachac.farnostmatej.cz\/index.php?rest_route=\/wp\/v2\/types\/page"}],"author":[{"embeddable":true,"href":"http:\/\/patermachac.farnostmatej.cz\/index.php?rest_route=\/wp\/v2\/users\/1"}],"replies":[{"embeddable":true,"href":"http:\/\/patermachac.farnostmatej.cz\/index.php?rest_route=%2Fwp%2Fv2%2Fcomments&post=111"}],"version-history":[{"count":5,"href":"http:\/\/patermachac.farnostmatej.cz\/index.php?rest_route=\/wp\/v2\/pages\/111\/revisions"}],"predecessor-version":[{"id":488,"href":"http:\/\/patermachac.farnostmatej.cz\/index.php?rest_route=\/wp\/v2\/pages\/111\/revisions\/488"}],"wp:attachment":[{"href":"http:\/\/patermachac.farnostmatej.cz\/index.php?rest_route=%2Fwp%2Fv2%2Fmedia&parent=111"}],"curies":[{"name":"wp","href":"https:\/\/api.w.org\/{rel}","templated":true}]}}