{"id":115,"date":"2022-10-26T21:22:44","date_gmt":"2022-10-26T19:22:44","guid":{"rendered":"http:\/\/patermachac.farnostmatej.cz\/?page_id=115"},"modified":"2022-10-26T21:22:44","modified_gmt":"2022-10-26T19:22:44","slug":"navstevni-kniha","status":"publish","type":"page","link":"http:\/\/patermachac.farnostmatej.cz\/?page_id=115","title":{"rendered":"N\u00e1v\u0161t\u011bvn\u00ed kniha"},"content":{"rendered":"\n<p><a href=\"http:\/\/www.patermachac.cz\/navstevni-kniha#kom_7\">1.&nbsp;Josef Vymazal<\/a><\/p>\n\n\n\n<p>z IP 91.112.29.***&nbsp;| 7.3.2013 10:03<\/p>\n\n\n\n<p>Ahoj Ondro, je to velmi dobr\u00fd n\u00e1pad. P.<a><\/a><\/p>\n\n\n\n<p><a href=\"http:\/\/www.patermachac.cz\/navstevni-kniha#kom_8\">2.&nbsp;Jan Vihan<\/a><\/p>\n\n\n\n<p>z IP 85.70.145.***&nbsp;| 26.6.2014 12:13<\/p>\n\n\n\n<p>D\u011bkuju, Ondro, za tenhle kr\u00e1sn\u00fd web, v\u011b\u0159\u00edm, \u017ee se postupn\u011b stane m\u00edstem setk\u00e1v\u00e1n\u00ed pro n\u00e1s pro v\u0161echny, co na p\u00e1tera vzpom\u00edn\u00e1me snad t\u00edm \u010dast\u011bji, \u010d\u00edm v\u00edce \u010dasu uplynulo od jeho odchodu k P\u00e1nu.<a><\/a><\/p>\n\n\n\n<p><a href=\"http:\/\/www.patermachac.cz\/navstevni-kniha#kom_9\">3.&nbsp;Jan<\/a><\/p>\n\n\n\n<p>z IP 83.208.127.***&nbsp;| 12.12.2014 11:02<\/p>\n\n\n\n<p>V\u00e1\u017een\u00ed,<br>d\u016fstojn\u00e9ho p\u00e1na Jana Macha\u010de jsem si velmi velmi v\u00e1\u017eil. K\u0159til v roce 1990 ob\u011b na\u0161e d\u011bti a byla to n\u00e1dhera, up\u0159\u00edmnost a l\u00e1ska s v\u00edrou sou\u010dasn\u011b. M\u00e1m fotografie i video, av\u0161ak takov\u00fdchto doklad\u016f m\u00e1te patrn\u011b spoustu. Pokud by byl p\u0159esto z\u00e1jem, dejte mn\u011b v\u011bd\u011bt. O knihu bych m\u011bl z\u00e1jem a ur\u010dit\u011b si j\u00ed po\u0159\u00edd\u00edm.<br>S pozdravem,<br>JUDr. Jan Hor\u00e1k<a><\/a><\/p>\n\n\n\n<p><a href=\"http:\/\/www.patermachac.cz\/navstevni-kniha#kom_11\">4.&nbsp;Pavel Tule\u0161kov<\/a><\/p>\n\n\n\n<p>z IP 2001:1ae9:262:***&nbsp;| 25.12.2016 20:49<\/p>\n\n\n\n<p>D\u00edky za zprost\u0159edkov\u00e1n\u00ed tolika kr\u00e1sn\u00fdch vzpom\u00ednek&#8230; PT<a><\/a><\/p>\n\n\n\n<p><a href=\"http:\/\/www.patermachac.cz\/navstevni-kniha#kom_12\">5.&nbsp;Jan Hol\u00edk<\/a><\/p>\n\n\n\n<p>z IP 217.195.174.***&nbsp;| 7.11.2018 23:19<\/p>\n\n\n\n<p>Dobr\u00fd ve\u010der. Nem\u00e1te n\u011bkdo pov\u011bdomost, jakou vazbu jako kn\u011bz m\u011bl Mons. Macha\u010d na Trhov\u00fd \u0160t\u011bp\u00e1nov okr. Bene\u0161ov u Prahy ? D\u011bkuji p\u0159edem za odpov\u011b\u010f. J.Hol\u00edk<\/p>\n","protected":false},"excerpt":{"rendered":"<p>1.&nbsp;Josef Vymazal z IP 91.112.29.***&nbsp;| 7.3.2013 10:03 Ahoj Ondro, je to velmi dobr\u00fd n\u00e1pad. P. 2.&nbsp;Jan Vihan z IP 85.70.145.***&nbsp;| 26.6.2014 12:13 D\u011bkuju, Ondro, za tenhle kr\u00e1sn\u00fd web, v\u011b\u0159\u00edm, \u017ee se postupn\u011b stane m\u00edstem setk\u00e1v\u00e1n\u00ed pro n\u00e1s pro v\u0161echny, co &#8230; <a class=\"more-link\" href=\"http:\/\/patermachac.farnostmatej.cz\/?page_id=115\">\u010c\u00edst v\u00edce &raquo;<\/a><\/p>\n","protected":false},"author":1,"featured_media":0,"parent":0,"menu_order":0,"comment_status":"closed","ping_status":"closed","template":"","meta":{"footnotes":""},"class_list":["post-115","page","type-page","status-publish","hentry"],"_links":{"self":[{"href":"http:\/\/patermachac.farnostmatej.cz\/index.php?rest_route=\/wp\/v2\/pages\/115","targetHints":{"allow":["GET"]}}],"collection":[{"href":"http:\/\/patermachac.farnostmatej.cz\/index.php?rest_route=\/wp\/v2\/pages"}],"about":[{"href":"http:\/\/patermachac.farnostmatej.cz\/index.php?rest_route=\/wp\/v2\/types\/page"}],"author":[{"embeddable":true,"href":"http:\/\/patermachac.farnostmatej.cz\/index.php?rest_route=\/wp\/v2\/users\/1"}],"replies":[{"embeddable":true,"href":"http:\/\/patermachac.farnostmatej.cz\/index.php?rest_route=%2Fwp%2Fv2%2Fcomments&post=115"}],"version-history":[{"count":1,"href":"http:\/\/patermachac.farnostmatej.cz\/index.php?rest_route=\/wp\/v2\/pages\/115\/revisions"}],"predecessor-version":[{"id":116,"href":"http:\/\/patermachac.farnostmatej.cz\/index.php?rest_route=\/wp\/v2\/pages\/115\/revisions\/116"}],"wp:attachment":[{"href":"http:\/\/patermachac.farnostmatej.cz\/index.php?rest_route=%2Fwp%2Fv2%2Fmedia&parent=115"}],"curies":[{"name":"wp","href":"https:\/\/api.w.org\/{rel}","templated":true}]}}