{"id":117,"date":"2022-10-26T21:23:17","date_gmt":"2022-10-26T19:23:17","guid":{"rendered":"http:\/\/patermachac.farnostmatej.cz\/?page_id=117"},"modified":"2022-10-26T21:23:17","modified_gmt":"2022-10-26T19:23:17","slug":"kontakty","status":"publish","type":"page","link":"http:\/\/patermachac.farnostmatej.cz\/?page_id=117","title":{"rendered":"Kontakty"},"content":{"rendered":"\n<p>Koordin\u00e1tor projektu: Dr. Ond\u0159ej Salvet &#8211; ondrej.salvet(zavin\u00e1\u010d)centrum.cz<\/p>\n\n\n\n<p>Webmaster: Luk\u00e1\u0161 Seidl &#8211; patermachac(zavin\u00e1\u010d)gmail.com<\/p>\n","protected":false},"excerpt":{"rendered":"<p>Koordin\u00e1tor projektu: Dr. Ond\u0159ej Salvet &#8211; ondrej.salvet(zavin\u00e1\u010d)centrum.cz Webmaster: Luk\u00e1\u0161 Seidl &#8211; patermachac(zavin\u00e1\u010d)gmail.com<\/p>\n","protected":false},"author":1,"featured_media":0,"parent":0,"menu_order":0,"comment_status":"closed","ping_status":"closed","template":"","meta":{"footnotes":""},"class_list":["post-117","page","type-page","status-publish","hentry"],"_links":{"self":[{"href":"http:\/\/patermachac.farnostmatej.cz\/index.php?rest_route=\/wp\/v2\/pages\/117","targetHints":{"allow":["GET"]}}],"collection":[{"href":"http:\/\/patermachac.farnostmatej.cz\/index.php?rest_route=\/wp\/v2\/pages"}],"about":[{"href":"http:\/\/patermachac.farnostmatej.cz\/index.php?rest_route=\/wp\/v2\/types\/page"}],"author":[{"embeddable":true,"href":"http:\/\/patermachac.farnostmatej.cz\/index.php?rest_route=\/wp\/v2\/users\/1"}],"replies":[{"embeddable":true,"href":"http:\/\/patermachac.farnostmatej.cz\/index.php?rest_route=%2Fwp%2Fv2%2Fcomments&post=117"}],"version-history":[{"count":1,"href":"http:\/\/patermachac.farnostmatej.cz\/index.php?rest_route=\/wp\/v2\/pages\/117\/revisions"}],"predecessor-version":[{"id":118,"href":"http:\/\/patermachac.farnostmatej.cz\/index.php?rest_route=\/wp\/v2\/pages\/117\/revisions\/118"}],"wp:attachment":[{"href":"http:\/\/patermachac.farnostmatej.cz\/index.php?rest_route=%2Fwp%2Fv2%2Fmedia&parent=117"}],"curies":[{"name":"wp","href":"https:\/\/api.w.org\/{rel}","templated":true}]}}