{"id":21,"date":"2022-10-23T23:27:46","date_gmt":"2022-10-23T21:27:46","guid":{"rendered":"http:\/\/patermachac.washany.fun\/?page_id=21"},"modified":"2022-10-26T21:46:43","modified_gmt":"2022-10-26T19:46:43","slug":"kniha-o-janu-machacovi","status":"publish","type":"page","link":"http:\/\/patermachac.farnostmatej.cz\/?page_id=21","title":{"rendered":"Kniha o Janu Macha\u010dovi"},"content":{"rendered":"\n<p>Kniha mapuj\u00edc\u00ed \u017eivot a d\u00edlo Jana Macha\u010de byla p\u0159edstavena p\u0159i oslav\u00e1ch nedo\u017eit\u00e9ho 100. v\u00fdro\u010d\u00ed jeho narozen\u00ed v kostele sv. Mat\u011bje v Praze 31. kv\u011btna 2015 a v kostele sv. V\u00e1clava v Horn\u00ed Lid\u010di 14. \u010dervna 2015.<\/p>\n\n\n\n<p>Publikace, jej\u00ed\u017e sou\u010d\u00e1st\u00ed je tak\u00e9 unik\u00e1tn\u00ed DVD s fotografiemi, audio i video nahr\u00e1vkami a dal\u0161\u00edm zaj\u00edmav\u00fdm obsahem, <mark style=\"background-color:rgba(0, 0, 0, 0);color:#ff0000\" class=\"has-inline-color\">je ji\u017e bohu\u017eel vyprodan\u00e1<\/mark>.<\/p>\n\n\n\n<h2 class=\"wp-block-heading\">Uk\u00e1zky z knihy Jinak \u017e\u00edt\/ Mons. Jan Macha\u010d\/ 1915-2009<\/h2>\n\n\n\n<figure class=\"wp-block-gallery has-nested-images columns-default is-cropped wp-block-gallery-1 is-layout-flex wp-block-gallery-is-layout-flex\">\n<figure class=\"wp-block-image size-large\"><a href=\"http:\/\/patermachac.farnostmatej.cz\/wp-content\/uploads\/2022\/10\/kniha_titul.jpeg\"><img loading=\"lazy\" decoding=\"async\" width=\"766\" height=\"802\" data-id=\"28\" src=\"http:\/\/patermachac.farnostmatej.cz\/wp-content\/uploads\/2022\/10\/kniha_titul.jpeg\" alt=\"\" class=\"wp-image-28\" srcset=\"http:\/\/patermachac.farnostmatej.cz\/wp-content\/uploads\/2022\/10\/kniha_titul.jpeg 766w, http:\/\/patermachac.farnostmatej.cz\/wp-content\/uploads\/2022\/10\/kniha_titul-287x300.jpeg 287w\" sizes=\"auto, (max-width: 766px) 100vw, 766px\" \/><\/a><\/figure>\n\n\n\n<figure class=\"wp-block-image size-large\"><a href=\"http:\/\/patermachac.farnostmatej.cz\/wp-content\/uploads\/2022\/10\/kniha_ukazka1.jpeg\"><img loading=\"lazy\" decoding=\"async\" width=\"786\" height=\"801\" data-id=\"30\" src=\"http:\/\/patermachac.farnostmatej.cz\/wp-content\/uploads\/2022\/10\/kniha_ukazka1.jpeg\" alt=\"\" class=\"wp-image-30\" srcset=\"http:\/\/patermachac.farnostmatej.cz\/wp-content\/uploads\/2022\/10\/kniha_ukazka1.jpeg 786w, http:\/\/patermachac.farnostmatej.cz\/wp-content\/uploads\/2022\/10\/kniha_ukazka1-294x300.jpeg 294w, http:\/\/patermachac.farnostmatej.cz\/wp-content\/uploads\/2022\/10\/kniha_ukazka1-768x783.jpeg 768w\" sizes=\"auto, (max-width: 786px) 100vw, 786px\" \/><\/a><\/figure>\n\n\n\n<figure class=\"wp-block-image size-large\"><a href=\"http:\/\/patermachac.farnostmatej.cz\/wp-content\/uploads\/2022\/10\/kniha_ukazka2.jpeg\"><img loading=\"lazy\" decoding=\"async\" width=\"786\" height=\"797\" data-id=\"29\" src=\"http:\/\/patermachac.farnostmatej.cz\/wp-content\/uploads\/2022\/10\/kniha_ukazka2.jpeg\" alt=\"\" class=\"wp-image-29\" srcset=\"http:\/\/patermachac.farnostmatej.cz\/wp-content\/uploads\/2022\/10\/kniha_ukazka2.jpeg 786w, http:\/\/patermachac.farnostmatej.cz\/wp-content\/uploads\/2022\/10\/kniha_ukazka2-296x300.jpeg 296w, http:\/\/patermachac.farnostmatej.cz\/wp-content\/uploads\/2022\/10\/kniha_ukazka2-768x779.jpeg 768w\" sizes=\"auto, (max-width: 786px) 100vw, 786px\" \/><\/a><\/figure>\n\n\n\n<figure class=\"wp-block-image size-large\"><a href=\"http:\/\/patermachac.farnostmatej.cz\/wp-content\/uploads\/2022\/10\/kniha_ukazka3.jpeg\"><img loading=\"lazy\" decoding=\"async\" width=\"815\" height=\"799\" data-id=\"27\" src=\"http:\/\/patermachac.farnostmatej.cz\/wp-content\/uploads\/2022\/10\/kniha_ukazka3.jpeg\" alt=\"\" class=\"wp-image-27\" srcset=\"http:\/\/patermachac.farnostmatej.cz\/wp-content\/uploads\/2022\/10\/kniha_ukazka3.jpeg 815w, http:\/\/patermachac.farnostmatej.cz\/wp-content\/uploads\/2022\/10\/kniha_ukazka3-300x294.jpeg 300w, http:\/\/patermachac.farnostmatej.cz\/wp-content\/uploads\/2022\/10\/kniha_ukazka3-768x753.jpeg 768w\" sizes=\"auto, (max-width: 815px) 100vw, 815px\" \/><\/a><\/figure>\n\n\n\n<figure class=\"wp-block-image size-large\"><a href=\"http:\/\/patermachac.farnostmatej.cz\/wp-content\/uploads\/2022\/10\/kniha_ukazka4.jpeg\"><img loading=\"lazy\" decoding=\"async\" width=\"744\" height=\"806\" data-id=\"26\" src=\"http:\/\/patermachac.farnostmatej.cz\/wp-content\/uploads\/2022\/10\/kniha_ukazka4.jpeg\" alt=\"\" class=\"wp-image-26\" srcset=\"http:\/\/patermachac.farnostmatej.cz\/wp-content\/uploads\/2022\/10\/kniha_ukazka4.jpeg 744w, http:\/\/patermachac.farnostmatej.cz\/wp-content\/uploads\/2022\/10\/kniha_ukazka4-277x300.jpeg 277w\" sizes=\"auto, (max-width: 744px) 100vw, 744px\" \/><\/a><\/figure>\n<\/figure>\n\n\n\n<h2 class=\"wp-block-heading\">Z\u00e1pisy ze sch\u016fzek p\u0159\u00edpravn\u00e9ho t\u00fdmu<\/h2>\n\n\n\n<ul class=\"wp-block-list\"><li><a href=\"http:\/\/patermachac.farnostmatej.cz\/wp-content\/uploads\/2022\/10\/schuzka11_07.doc\" data-type=\"attachment\" data-id=\"23\">Sch\u016fzka 1<\/a>\u00a0&#8211; 11. \u010dervence 2014<\/li><li><a href=\"http:\/\/patermachac.farnostmatej.cz\/wp-content\/uploads\/2022\/10\/schuzka02_10.doc\" data-type=\"attachment\" data-id=\"24\">Sch\u016fzka 2<\/a> &#8211; 2. \u0159\u00edjna 2014<\/li><li><a href=\"http:\/\/patermachac.farnostmatej.cz\/wp-content\/uploads\/2022\/10\/schuzka02_11.doc\" data-type=\"attachment\" data-id=\"25\">Sch\u016fzka 3<\/a> &#8211; 4. listopadu 2014<\/li><\/ul>\n","protected":false},"excerpt":{"rendered":"<p>Kniha mapuj\u00edc\u00ed \u017eivot a d\u00edlo Jana Macha\u010de byla p\u0159edstavena p\u0159i oslav\u00e1ch nedo\u017eit\u00e9ho 100. v\u00fdro\u010d\u00ed jeho narozen\u00ed v kostele sv. Mat\u011bje v Praze 31. kv\u011btna 2015 a v kostele sv. V\u00e1clava v Horn\u00ed Lid\u010di 14. \u010dervna 2015. Publikace, jej\u00ed\u017e sou\u010d\u00e1st\u00ed je &#8230; <a class=\"more-link\" href=\"http:\/\/patermachac.farnostmatej.cz\/?page_id=21\">\u010c\u00edst v\u00edce &raquo;<\/a><\/p>\n","protected":false},"author":1,"featured_media":0,"parent":0,"menu_order":0,"comment_status":"closed","ping_status":"closed","template":"","meta":{"footnotes":""},"class_list":["post-21","page","type-page","status-publish","hentry"],"_links":{"self":[{"href":"http:\/\/patermachac.farnostmatej.cz\/index.php?rest_route=\/wp\/v2\/pages\/21","targetHints":{"allow":["GET"]}}],"collection":[{"href":"http:\/\/patermachac.farnostmatej.cz\/index.php?rest_route=\/wp\/v2\/pages"}],"about":[{"href":"http:\/\/patermachac.farnostmatej.cz\/index.php?rest_route=\/wp\/v2\/types\/page"}],"author":[{"embeddable":true,"href":"http:\/\/patermachac.farnostmatej.cz\/index.php?rest_route=\/wp\/v2\/users\/1"}],"replies":[{"embeddable":true,"href":"http:\/\/patermachac.farnostmatej.cz\/index.php?rest_route=%2Fwp%2Fv2%2Fcomments&post=21"}],"version-history":[{"count":5,"href":"http:\/\/patermachac.farnostmatej.cz\/index.php?rest_route=\/wp\/v2\/pages\/21\/revisions"}],"predecessor-version":[{"id":124,"href":"http:\/\/patermachac.farnostmatej.cz\/index.php?rest_route=\/wp\/v2\/pages\/21\/revisions\/124"}],"wp:attachment":[{"href":"http:\/\/patermachac.farnostmatej.cz\/index.php?rest_route=%2Fwp%2Fv2%2Fmedia&parent=21"}],"curies":[{"name":"wp","href":"https:\/\/api.w.org\/{rel}","templated":true}]}}