{"id":36,"date":"2022-10-23T23:36:07","date_gmt":"2022-10-23T21:36:07","guid":{"rendered":"http:\/\/patermachac.washany.fun\/?page_id=36"},"modified":"2022-10-23T23:36:07","modified_gmt":"2022-10-23T21:36:07","slug":"kazani-svatost","status":"publish","type":"page","link":"http:\/\/patermachac.farnostmatej.cz\/?page_id=36","title":{"rendered":"K\u00e1z\u00e1n\u00ed &#8211; &#8222;svatost&#8220;"},"content":{"rendered":"\n<p>&#8222;To je v\u016fle Bo\u017e\u00ed: va\u0161e posv\u011bcen\u00ed&#8220;, vol\u00e1 k n\u00e1m svat\u00fd Pavel. V tom je r\u016fst na\u0161eho duchovn\u00edho \u017eivota. Neplat\u00ed to jen t\u011bm, kter\u00fdm to tenkr\u00e1t psal. Toto slovo o v\u016fli Bo\u017e\u00ed plat\u00ed v\u0161em k\u0159es\u0165an\u016fm, tedy i n\u00e1m, a to dnes. Ano, v\u016fle Bo\u017e\u00ed je na\u0161e posv\u011bcen\u00ed.<\/p>\n\n\n\n<p>Kdy\u017e dne\u0161n\u00ed \u010dlov\u011bk sly\u0161\u00ed &#8222;posv\u011bcen\u00ed&#8220; nebo &#8222;svatost&#8220;, tak mu p\u0159ejde p\u0159\u00edmo mr\u00e1z po z\u00e1dech, proto\u017ee \u017eije v p\u0159edstav\u00e1ch, \u017ee b\u00fdt svat\u00fdm znamen\u00e1 b\u00fdt zamra\u010den\u00fdm, smutn\u00fdm. [Ale b\u00fdt svat\u00fd,] to neznamen\u00e1, jak si mnoz\u00ed v\u011b\u0159\u00edc\u00ed mysl\u00ed, postit se hrozn\u00fdm zp\u016fsobem, od\u00edvat se do \u017e\u00edn\u011bn\u00e9ho roucha, bi\u010dovat se. To je nespr\u00e1vn\u00e1 p\u0159edstava svatosti. Posv\u011bcen\u00ed znamen\u00e1 b\u00fdt p\u0159ichyst\u00e1n. \u010cili, b\u00fdt v takov\u00e9m stavu, abych byl p\u0159ipraven na setk\u00e1n\u00ed s P\u00e1nem v kter\u00fdkoliv okam\u017eik.<\/p>\n\n\n\n<p>Scan origin\u00e1lu k\u00e1z\u00e1n\u00ed:<\/p>\n\n\n<div class=\"wp-block-image\">\n<figure class=\"aligncenter size-full\"><img loading=\"lazy\" decoding=\"async\" width=\"341\" height=\"496\" src=\"http:\/\/patermachac.washany.fun\/wp-content\/uploads\/2022\/10\/kazani_svatost.jpg\" alt=\"\" class=\"wp-image-37\" srcset=\"http:\/\/patermachac.farnostmatej.cz\/wp-content\/uploads\/2022\/10\/kazani_svatost.jpg 341w, http:\/\/patermachac.farnostmatej.cz\/wp-content\/uploads\/2022\/10\/kazani_svatost-206x300.jpg 206w\" sizes=\"auto, (max-width: 341px) 100vw, 341px\" \/><figcaption><strong>Scan origin\u00e1lu k\u00e1z\u00e1n\u00ed<\/strong><\/figcaption><\/figure>\n<\/div>","protected":false},"excerpt":{"rendered":"<p>&#8222;To je v\u016fle Bo\u017e\u00ed: va\u0161e posv\u011bcen\u00ed&#8220;, vol\u00e1 k n\u00e1m svat\u00fd Pavel. V tom je r\u016fst na\u0161eho duchovn\u00edho \u017eivota. Neplat\u00ed to jen t\u011bm, kter\u00fdm to tenkr\u00e1t psal. Toto slovo o v\u016fli Bo\u017e\u00ed plat\u00ed v\u0161em k\u0159es\u0165an\u016fm, tedy i n\u00e1m, a to dnes. &#8230; <a class=\"more-link\" href=\"http:\/\/patermachac.farnostmatej.cz\/?page_id=36\">\u010c\u00edst v\u00edce &raquo;<\/a><\/p>\n","protected":false},"author":1,"featured_media":0,"parent":0,"menu_order":0,"comment_status":"closed","ping_status":"closed","template":"","meta":{"footnotes":""},"class_list":["post-36","page","type-page","status-publish","hentry"],"_links":{"self":[{"href":"http:\/\/patermachac.farnostmatej.cz\/index.php?rest_route=\/wp\/v2\/pages\/36","targetHints":{"allow":["GET"]}}],"collection":[{"href":"http:\/\/patermachac.farnostmatej.cz\/index.php?rest_route=\/wp\/v2\/pages"}],"about":[{"href":"http:\/\/patermachac.farnostmatej.cz\/index.php?rest_route=\/wp\/v2\/types\/page"}],"author":[{"embeddable":true,"href":"http:\/\/patermachac.farnostmatej.cz\/index.php?rest_route=\/wp\/v2\/users\/1"}],"replies":[{"embeddable":true,"href":"http:\/\/patermachac.farnostmatej.cz\/index.php?rest_route=%2Fwp%2Fv2%2Fcomments&post=36"}],"version-history":[{"count":1,"href":"http:\/\/patermachac.farnostmatej.cz\/index.php?rest_route=\/wp\/v2\/pages\/36\/revisions"}],"predecessor-version":[{"id":38,"href":"http:\/\/patermachac.farnostmatej.cz\/index.php?rest_route=\/wp\/v2\/pages\/36\/revisions\/38"}],"wp:attachment":[{"href":"http:\/\/patermachac.farnostmatej.cz\/index.php?rest_route=%2Fwp%2Fv2%2Fmedia&parent=36"}],"curies":[{"name":"wp","href":"https:\/\/api.w.org\/{rel}","templated":true}]}}