{"id":7,"date":"2022-10-23T22:47:24","date_gmt":"2022-10-23T20:47:24","guid":{"rendered":"http:\/\/patermachac.washany.fun\/?page_id=7"},"modified":"2022-11-26T01:17:12","modified_gmt":"2022-11-26T00:17:12","slug":"zivotopis-zakladni-data","status":"publish","type":"page","link":"http:\/\/patermachac.farnostmatej.cz\/?page_id=7","title":{"rendered":"\u017divotopis, z\u00e1kladn\u00ed data"},"content":{"rendered":"\n<figure class=\"wp-block-table is-style-regular\"><table class=\"has-fixed-layout\" style=\"border-style:none;border-width:0px\"><tbody><tr><td>1. 6. 1915 &nbsp; &nbsp; &nbsp;<\/td><td>narozen v Horn\u00ed Lid\u010di \u2013 okres Vset\u00edn<\/td><\/tr><tr><td>1938<\/td><td>maturita na gymn\u00e1ziu ve Vset\u00edn\u011b<\/td><\/tr><tr><td>1938 &#8211; 1943<\/td><td>studium v pra\u017esk\u00e9m semin\u00e1\u0159i<\/td><\/tr><tr><td>30. 5. 1943<\/td><td>p\u0159ij\u00edm\u00e1 v Praze kn\u011b\u017esk\u00e9 sv\u011bcen\u00ed<\/td><\/tr><tr><td>6. 6. 1943<\/td><td>slou\u017e\u00ed primi\u010dn\u00ed m\u0161i svatou v kostele sv. Kate\u0159iny v Lide\u010dku<\/td><\/tr><tr><td>1. 7. 1943 &#8211; 30. 7. 1944<\/td><td>kaplanem v Doln\u00ed B\u011bl\u00e9 a Kra\u0161ovic\u00edch<\/td><\/tr><tr><td>1. 8. 1944 &#8211; 30. 7. 1946<\/td><td>kaplanem v Plzni<\/td><\/tr><tr><td>1. 8. 1946 &#8211; 30. 8. 1946<\/td><td>kaplanem v Chebu<\/td><\/tr><tr><td>1. 9. 1946 &#8211; 4. 6. 1951<\/td><td>administr\u00e1torem v Chebu<\/td><\/tr><tr><td>1946<br><\/td><td>administr\u00e1torem v Pali\u010di, Plesn\u00e9, Frauenreuthu,<br>Nov\u00e9m Kostele a Star\u00e9m Ky\u0161perku<\/td><\/tr><tr><td>1946<\/td><td>kaplanem v A\u0161i<\/td><\/tr><tr><td>1. 11. 1946 &#8211; 4. 6. 1951<\/td><td>spr\u00e1vcem chebsk\u00e9ho vikari\u00e1tu<\/td><\/tr><tr><td>1947<\/td><td>administr\u00e1torem v D\u0159enici<\/td><\/tr><tr><td>8. 6. 1951 &#8211; 30. 11. 1951<\/td><td>administr\u00e1torem v Bochov\u011b, \u00dadr\u010di, Dra\u017eci, \u017dalmanov\u011b a Javorn\u00e9<\/td><\/tr><tr><td>30. 11. 1951<br><\/td><td>zat\u010den za \u010dten\u00ed past\u00fd\u0159sk\u00e9ho listu arcibiskupa Berana<br>a aktivn\u00ed pastora\u010dn\u00ed p\u016fsoben\u00ed<\/td><\/tr><tr><td>30. 11. 1958<\/td><td>propu\u0161t\u011bn z v\u011bzen\u00ed<\/td><\/tr><tr><td>1. 12. 1958 &#8211; 14. 4. 1966<\/td><td>d\u011bln\u00edkem v tov\u00e1rn\u011b na n\u00e1bytek TON Byst\u0159ice pod Host\u00fdnem<\/td><\/tr><tr><td>15. 4. 1966 &#8211; 30. 6. 1968<\/td><td>administr\u00e1torem v Gottwaldov\u011b-Malenovic\u00edch<\/td><\/tr><tr><td>1. 7. 1968 &#8211; 30. 11. 1971<br><\/td><td>d\u00f3msk\u00fdm vik\u00e1\u0159em a person\u00e1ln\u00edm referentem<br>Apo\u0161tolsk\u00e9 administratury v Praze<\/td><\/tr><tr><td>1. 12. 1971 &#8211; 31. 8. 1975<\/td><td>administr\u00e1torem u sv. Mat\u011bje v Praze 6 \u2013 Dejvic\u00edch<\/td><\/tr><tr><td>1. 9. 1975 &#8211; 30. 6. 2002<\/td><td>far\u00e1\u0159em u sv. Mat\u011bje v Praze 6 \u2013 Dejvic\u00edch<\/td><\/tr><tr><td>1974<\/td><td>p\u0159ij\u00edm\u00e1 Dekret ve\u0159ejn\u00e9 pochvaly<\/td><\/tr><tr><td>1985<\/td><td>jmenov\u00e1n osobn\u00edm arcid\u011bkanem<\/td><\/tr><tr><td>21. 2. 1998<\/td><td>jmenov\u00e1n monsignorem (pape\u017esk\u00fdm kaplanem)<\/td><\/tr><tr><td>2. 9. 2005<\/td><td>p\u0159ij\u00edm\u00e1 \u010cestn\u00e9 ob\u010danstv\u00ed M\u011bstsk\u00e9 \u010d\u00e1sti Praha 6<\/td><\/tr><tr><td>9. 5. 2009<\/td><td>um\u00edr\u00e1 v Praze ve v\u011bku nedo\u017eit\u00fdch 94 let<\/td><\/tr><\/tbody><\/table><\/figure>\n\n\n<div class=\"wp-block-image\">\n<figure class=\"aligncenter size-full\"><img loading=\"lazy\" decoding=\"async\" width=\"542\" height=\"473\" src=\"http:\/\/patermachac.washany.fun\/wp-content\/uploads\/2022\/10\/portret_02.jpg\" alt=\"\" class=\"wp-image-8\" srcset=\"http:\/\/patermachac.farnostmatej.cz\/wp-content\/uploads\/2022\/10\/portret_02.jpg 542w, http:\/\/patermachac.farnostmatej.cz\/wp-content\/uploads\/2022\/10\/portret_02-300x262.jpg 300w\" sizes=\"auto, (max-width: 542px) 100vw, 542px\" \/><\/figure>\n<\/div>","protected":false},"excerpt":{"rendered":"<p>1. 6. 1915 &nbsp; &nbsp; &nbsp; narozen v Horn\u00ed Lid\u010di \u2013 okres Vset\u00edn 1938 maturita na gymn\u00e1ziu ve Vset\u00edn\u011b 1938 &#8211; 1943 studium v pra\u017esk\u00e9m semin\u00e1\u0159i 30. 5. 1943 p\u0159ij\u00edm\u00e1 v Praze kn\u011b\u017esk\u00e9 sv\u011bcen\u00ed 6. 6. 1943 slou\u017e\u00ed primi\u010dn\u00ed m\u0161i &#8230; <a class=\"more-link\" href=\"http:\/\/patermachac.farnostmatej.cz\/?page_id=7\">\u010c\u00edst v\u00edce &raquo;<\/a><\/p>\n","protected":false},"author":1,"featured_media":0,"parent":0,"menu_order":0,"comment_status":"closed","ping_status":"closed","template":"","meta":{"footnotes":""},"class_list":["post-7","page","type-page","status-publish","hentry"],"_links":{"self":[{"href":"http:\/\/patermachac.farnostmatej.cz\/index.php?rest_route=\/wp\/v2\/pages\/7","targetHints":{"allow":["GET"]}}],"collection":[{"href":"http:\/\/patermachac.farnostmatej.cz\/index.php?rest_route=\/wp\/v2\/pages"}],"about":[{"href":"http:\/\/patermachac.farnostmatej.cz\/index.php?rest_route=\/wp\/v2\/types\/page"}],"author":[{"embeddable":true,"href":"http:\/\/patermachac.farnostmatej.cz\/index.php?rest_route=\/wp\/v2\/users\/1"}],"replies":[{"embeddable":true,"href":"http:\/\/patermachac.farnostmatej.cz\/index.php?rest_route=%2Fwp%2Fv2%2Fcomments&post=7"}],"version-history":[{"count":4,"href":"http:\/\/patermachac.farnostmatej.cz\/index.php?rest_route=\/wp\/v2\/pages\/7\/revisions"}],"predecessor-version":[{"id":474,"href":"http:\/\/patermachac.farnostmatej.cz\/index.php?rest_route=\/wp\/v2\/pages\/7\/revisions\/474"}],"wp:attachment":[{"href":"http:\/\/patermachac.farnostmatej.cz\/index.php?rest_route=%2Fwp%2Fv2%2Fmedia&parent=7"}],"curies":[{"name":"wp","href":"https:\/\/api.w.org\/{rel}","templated":true}]}}