{"id":92,"date":"2022-10-26T00:32:54","date_gmt":"2022-10-25T22:32:54","guid":{"rendered":"http:\/\/patermachac.washany.fun\/?page_id=92"},"modified":"2022-11-25T20:13:39","modified_gmt":"2022-11-25T19:13:39","slug":"fotoarchiv","status":"publish","type":"page","link":"http:\/\/patermachac.farnostmatej.cz\/?page_id=92","title":{"rendered":"Fotoarchiv"},"content":{"rendered":"\n<ul class=\"wp-block-list\">\n<li><a href=\"http:\/\/patermachac.farnostmatej.cz\/?page_id=62\" data-type=\"page\" data-id=\"62\">Pam\u011btn\u00ed deska Jana Macha\u010de v Horn\u00ed Lid\u010di (2015)<\/a><\/li>\n\n\n\n<li><a href=\"http:\/\/patermachac.farnostmatej.cz\/?page_id=128\" data-type=\"page\" data-id=\"128\">Oslavy 100. v\u00fdro\u010d\u00ed narozen\u00ed Mons. Jana Macha\u010de (2015)<\/a><\/li>\n\n\n\n<li><a href=\"http:\/\/patermachac.farnostmatej.cz\/?page_id=135\" data-type=\"page\" data-id=\"135\">Posledn\u00ed rozlou\u010den\u00ed s Mons. Janem Macha\u010dem (2009)<\/a><\/li>\n\n\n\n<li><a href=\"http:\/\/patermachac.farnostmatej.cz\/?page_id=168\" data-type=\"page\" data-id=\"168\">93. narozeniny Mons. Jana Macha\u010de (2008)<\/a><\/li>\n\n\n\n<li><a href=\"http:\/\/patermachac.farnostmatej.cz\/?page_id=170\" data-type=\"page\" data-id=\"170\">65 let kn\u011b\u017estv\u00ed Mons. Jana Macha\u010de [foto J. Nov\u00e1k] (2008)<\/a><\/li>\n\n\n\n<li><a href=\"http:\/\/patermachac.farnostmatej.cz\/?page_id=172\" data-type=\"page\" data-id=\"172\">65 let kn\u011b\u017estv\u00ed Mons. Jana Macha\u010de [foto T. Je\u017e] (2008)<\/a><\/li>\n\n\n\n<li><a href=\"http:\/\/patermachac.farnostmatej.cz\/?page_id=174\" data-type=\"page\" data-id=\"174\">Farn\u00ed benefi\u010dn\u00ed odpoledne (2007)<\/a><\/li>\n\n\n\n<li><a href=\"http:\/\/patermachac.farnostmatej.cz\/?page_id=176\" data-type=\"page\" data-id=\"176\">92. narozeniny Mons. Jana Macha\u010de (2007)<\/a><\/li>\n\n\n\n<li><a href=\"http:\/\/patermachac.farnostmatej.cz\/?page_id=178\" data-type=\"page\" data-id=\"178\">Svatomat\u011bjsk\u00e1 poutn\u00ed m\u0161e svat\u00e1 (2006)<\/a><\/li>\n\n\n\n<li><a href=\"http:\/\/patermachac.farnostmatej.cz\/?page_id=180\" data-type=\"page\" data-id=\"180\">J\u00e1hensk\u00e9 sv\u011bcen\u00ed v katedr\u00e1le (2005)<\/a><\/li>\n\n\n\n<li><a href=\"http:\/\/patermachac.farnostmatej.cz\/?page_id=182\" data-type=\"page\" data-id=\"182\">Ud\u011blen\u00ed \u010cestn\u00e9ho ob\u010danstv\u00ed M\u011bstsk\u00e9 \u010d\u00e1sti Praha 6 Mons. Janu Macha\u010dovi (2005)<\/a><\/li>\n\n\n\n<li><a href=\"http:\/\/patermachac.farnostmatej.cz\/?page_id=184\" data-type=\"page\" data-id=\"184\">90. narozeniny Mons. Jana Macha\u010de \u2013 Horn\u00ed Lide\u010d (2005)<\/a><\/li>\n\n\n\n<li><a href=\"http:\/\/patermachac.farnostmatej.cz\/?page_id=186\" data-type=\"page\" data-id=\"186\">90. narozeniny Mons. Jana Macha\u010de \u2013 Praha [foto J. Nov\u00e1k] (2005)<\/a><\/li>\n\n\n\n<li><a href=\"http:\/\/patermachac.farnostmatej.cz\/?page_id=188\" data-type=\"page\" data-id=\"188\">90. narozeniny Mons. Jana Macha\u010de \u2013 Praha [foto J. \u0160er\u00fdch] (2005)<\/a><\/li>\n\n\n\n<li><a href=\"https:\/\/patermachac.farnostmatej.cz\/?page_id=190\" data-type=\"page\" data-id=\"190\">Biskupsk\u00e1 konference \u2013 bohoslu\u017eba u sv. V\u00e1clava (2005)<\/a><\/li>\n\n\n\n<li><a href=\"https:\/\/patermachac.farnostmatej.cz\/?page_id=281\" data-type=\"page\" data-id=\"281\">Bohoslu\u017eba s novokn\u011bzem Andreou Barberem (2004)<\/a><\/li>\n\n\n\n<li><a href=\"https:\/\/patermachac.farnostmatej.cz\/?page_id=287\" data-type=\"page\" data-id=\"287\">89. narozeniny Mons. Jana Macha\u010de (2004)<\/a><\/li>\n\n\n\n<li><a href=\"https:\/\/patermachac.farnostmatej.cz\/?page_id=289\" data-type=\"page\" data-id=\"289\">61 let kn\u011b\u017estv\u00ed Mons. Jana Macha\u010de (2004)<\/a><\/li>\n\n\n\n<li><a href=\"https:\/\/patermachac.farnostmatej.cz\/?page_id=291\" data-type=\"page\" data-id=\"291\">Ror\u00e1ty u sv. V\u00e1clava (2003)<\/a><\/li>\n\n\n\n<li><a href=\"https:\/\/patermachac.farnostmatej.cz\/?page_id=296\" data-type=\"page\" data-id=\"296\">88. narozeniny a 60 let kn\u011b\u017estv\u00ed Mons. Jana Macha\u010de (2003)<\/a><\/li>\n\n\n\n<li><a href=\"https:\/\/patermachac.farnostmatej.cz\/?page_id=298\" data-type=\"page\" data-id=\"298\">60 let kn\u011b\u017estv\u00ed Mons. Jana Macha\u010de (2003)<\/a><\/li>\n\n\n\n<li><a href=\"https:\/\/patermachac.farnostmatej.cz\/?page_id=313\" data-type=\"page\" data-id=\"313\">Primi\u010dn\u00ed m\u0161e svat\u00e1 Michala N\u011bme\u010dka (2002)<\/a><\/li>\n\n\n\n<li><a href=\"https:\/\/patermachac.farnostmatej.cz\/?page_id=315\" data-type=\"page\" data-id=\"315\">Prvn\u00ed svat\u00e9 p\u0159ij\u00edm\u00e1n\u00ed (2002)<\/a><\/li>\n\n\n\n<li><a href=\"https:\/\/patermachac.farnostmatej.cz\/?page_id=317\" data-type=\"page\" data-id=\"317\">Bi\u0159mov\u00e1n\u00ed (2002)<\/a><\/li>\n\n\n\n<li><a href=\"https:\/\/patermachac.farnostmatej.cz\/?page_id=319\" data-type=\"page\" data-id=\"319\">Prvn\u00ed svat\u00e9 p\u0159ij\u00edm\u00e1n\u00ed (2001)<\/a><\/li>\n\n\n\n<li><a href=\"https:\/\/patermachac.farnostmatej.cz\/?page_id=321\" data-type=\"page\" data-id=\"321\">86. narozeniny Mons. Jana Macha\u010de (2001)<\/a><\/li>\n\n\n\n<li><a href=\"https:\/\/patermachac.farnostmatej.cz\/?page_id=323\" data-type=\"page\" data-id=\"323\">Farn\u00ed z\u00e1jezd N\u00e1m\u011b\u0161\u0165 nad Oslavou, Hadcovsk\u00e1 step, T\u0159eb\u00ed\u010d (2001)<\/a><\/li>\n\n\n\n<li><a href=\"https:\/\/patermachac.farnostmatej.cz\/?page_id=325\" data-type=\"page\" data-id=\"325\">Sv\u011bcen\u00ed zvon\u016f u sv. V\u00e1clava (2000)<\/a><\/li>\n\n\n\n<li><a href=\"https:\/\/patermachac.farnostmatej.cz\/?page_id=327\" data-type=\"page\" data-id=\"327\">Prvn\u00ed svat\u00e9 p\u0159ij\u00edm\u00e1n\u00ed (2000)<\/a><\/li>\n\n\n\n<li><a href=\"https:\/\/patermachac.farnostmatej.cz\/?page_id=329\" data-type=\"page\" data-id=\"329\">J\u00e1hensk\u00e9 sv\u011bcen\u00ed u sv. Mat\u011bje (2000)<\/a><\/li>\n\n\n\n<li><a href=\"https:\/\/patermachac.farnostmatej.cz\/?page_id=331\" data-type=\"page\" data-id=\"331\">85. narozeniny Mons. Jana Macha\u010de (2000)<\/a><\/li>\n\n\n\n<li><a href=\"https:\/\/patermachac.farnostmatej.cz\/?page_id=371\" data-type=\"page\" data-id=\"371\">K\u0159estn\u00ed bohoslu\u017eba s P. Pavlem Aixnerem (1999)<\/a><\/li>\n\n\n\n<li><a href=\"https:\/\/patermachac.farnostmatej.cz\/?page_id=373\" data-type=\"page\" data-id=\"373\">Farn\u00ed z\u00e1jezd \u010cesk\u00fd Krumlov, Lomec (1999)<\/a><\/li>\n\n\n\n<li><a href=\"https:\/\/patermachac.farnostmatej.cz\/?page_id=375\" data-type=\"page\" data-id=\"375\">84. narozeniny Mons. Jana Macha\u010de (1999)<\/a><\/li>\n\n\n\n<li><a href=\"https:\/\/patermachac.farnostmatej.cz\/?page_id=377\" data-type=\"page\" data-id=\"377\">Farn\u00ed z\u00e1jezd Cheb, Maria Loreto, Chlum Svat\u00e9 Ma\u0159\u00ed (1998)<\/a><\/li>\n\n\n\n<li><a href=\"https:\/\/patermachac.farnostmatej.cz\/?page_id=379\" data-type=\"page\" data-id=\"379\">Prvn\u00ed svat\u00e9 p\u0159ij\u00edm\u00e1n\u00ed (1998)<\/a><\/li>\n\n\n\n<li><a href=\"https:\/\/patermachac.farnostmatej.cz\/?page_id=381\" data-type=\"page\" data-id=\"381\">B\u00edl\u00e1 sobota u sv. Mat\u011bje (1998)<\/a><\/li>\n\n\n\n<li><a href=\"https:\/\/patermachac.farnostmatej.cz\/?page_id=386\" data-type=\"page\" data-id=\"386\">Fronta na prohl\u00eddku pern\u00edkov\u00e9ho betl\u00e9ma (1997)<\/a><\/li>\n\n\n\n<li><a href=\"https:\/\/patermachac.farnostmatej.cz\/?page_id=388\" data-type=\"page\" data-id=\"388\">Farn\u00ed z\u00e1jezd Star\u00e9 Sedli\u0161t\u011b, Mari\u00e1nsk\u00e9 L\u00e1zn\u011b, Vale\u010d (1997)<\/a><\/li>\n\n\n\n<li><a href=\"https:\/\/patermachac.farnostmatej.cz\/?page_id=390\" data-type=\"page\" data-id=\"390\">Primi\u010dn\u00ed m\u0161e svat\u00e1 Pavla Boukala (1997)<\/a><\/li>\n\n\n\n<li><a href=\"https:\/\/patermachac.farnostmatej.cz\/?page_id=392\" data-type=\"page\" data-id=\"392\">82. narozeniny P. Jana Macha\u010de (1997)<\/a><\/li>\n\n\n\n<li><a href=\"https:\/\/patermachac.farnostmatej.cz\/?page_id=394\" data-type=\"page\" data-id=\"394\">Bohoslu\u017eba s P. Zde\u0148kem \u010c\u00ed\u017ekovsk\u00fdm (1997)<\/a><\/li>\n\n\n\n<li><a href=\"https:\/\/patermachac.farnostmatej.cz\/?page_id=396\" data-type=\"page\" data-id=\"396\">J\u00e1hensk\u00e9 sv\u011bcen\u00ed u sv. Mat\u011bje a sv. Vojt\u011bcha (1996)<\/a><\/li>\n\n\n\n<li><a href=\"https:\/\/patermachac.farnostmatej.cz\/?page_id=398\" data-type=\"page\" data-id=\"398\">Primi\u010dn\u00ed m\u0161e svat\u00e1 Ren\u00e9ho Milfaita (1996)<\/a><\/li>\n\n\n\n<li><a href=\"https:\/\/patermachac.farnostmatej.cz\/?page_id=400\" data-type=\"page\" data-id=\"400\">Bi\u0159mov\u00e1n\u00ed (1996)<\/a><\/li>\n\n\n\n<li><a href=\"https:\/\/patermachac.farnostmatej.cz\/?page_id=402\" data-type=\"page\" data-id=\"402\">80. narozeniny P. Jana Macha\u010de (1995)<\/a><\/li>\n\n\n\n<li><a href=\"https:\/\/patermachac.farnostmatej.cz\/?page_id=404\" data-type=\"page\" data-id=\"404\">Prvn\u00ed svat\u00e9 p\u0159ij\u00edm\u00e1n\u00ed (1995)<\/a><\/li>\n\n\n\n<li><a href=\"https:\/\/patermachac.farnostmatej.cz\/?page_id=406\" data-type=\"page\" data-id=\"406\">Bi\u0159mov\u00e1n\u00ed (1995)<\/a><\/li>\n\n\n\n<li><a href=\"https:\/\/patermachac.farnostmatej.cz\/?page_id=408\" data-type=\"page\" data-id=\"408\">Prvn\u00ed svat\u00e9 p\u0159ij\u00edm\u00e1n\u00ed (1994)<\/a><\/li>\n\n\n\n<li><a href=\"https:\/\/patermachac.farnostmatej.cz\/?page_id=410\" data-type=\"page\" data-id=\"410\">Prvn\u00ed svat\u00e9 p\u0159ij\u00edm\u00e1n\u00ed (1993)<\/a><\/li>\n\n\n\n<li><a href=\"https:\/\/patermachac.farnostmatej.cz\/?page_id=412\" data-type=\"page\" data-id=\"412\">Pond\u011bl\u00ed velikono\u010dn\u00ed u sv. Mat\u011bje (1993)<\/a><\/li>\n\n\n\n<li><a href=\"https:\/\/patermachac.farnostmatej.cz\/?page_id=414\" data-type=\"page\" data-id=\"414\">Zdoben\u00ed pern\u00edku s H. Hor\u00e1lkovou (1993)<\/a><\/li>\n\n\n\n<li><a href=\"https:\/\/patermachac.farnostmatej.cz\/?page_id=416\" data-type=\"page\" data-id=\"416\">Svatov\u00e1clavsk\u00e1 poutn\u00ed m\u0161e svat\u00e1 (1992)<\/a><\/li>\n\n\n\n<li><a href=\"https:\/\/patermachac.farnostmatej.cz\/?page_id=418\" data-type=\"page\" data-id=\"418\">B\u00edl\u00e1 sobota u sv. Mat\u011bje (1992)<\/a><\/li>\n\n\n\n<li><a href=\"https:\/\/patermachac.farnostmatej.cz\/?page_id=420\" data-type=\"page\" data-id=\"420\">Bohoslu\u017eba u sv. V\u00e1clava (1991)<\/a><\/li>\n\n\n\n<li><a href=\"https:\/\/patermachac.farnostmatej.cz\/?page_id=422\" data-type=\"page\" data-id=\"422\">Prvn\u00ed svat\u00e9 p\u0159ij\u00edm\u00e1n\u00ed (1991)<\/a><\/li>\n\n\n\n<li><a href=\"https:\/\/patermachac.farnostmatej.cz\/?page_id=424\" data-type=\"page\" data-id=\"424\">Pond\u011bl\u00ed velikono\u010dn\u00ed u sv. Mat\u011bje (1991)<\/a><\/li>\n\n\n\n<li><a href=\"https:\/\/patermachac.farnostmatej.cz\/?page_id=426\" data-type=\"page\" data-id=\"426\">Sv\u011bcen\u00ed zvon\u016f u sv. Mat\u011bje (1990)<\/a><\/li>\n\n\n\n<li><a href=\"https:\/\/patermachac.farnostmatej.cz\/?page_id=428\" data-type=\"page\" data-id=\"428\">Pern\u00edkov\u00fd betl\u00e9m \u2013 detaily (1977)<\/a><\/li>\n\n\n\n<li><a href=\"https:\/\/patermachac.farnostmatej.cz\/?page_id=430\" data-type=\"page\" data-id=\"430\">Pern\u00edkov\u00fd betl\u00e9m \u2013 pohled objektivem Fish Eye (1977)<\/a><\/li>\n\n\n\n<li><a href=\"https:\/\/patermachac.farnostmatej.cz\/?page_id=432\" data-type=\"page\" data-id=\"432\">Bohoslu\u017eby u sv. Mat\u011bje (1977)<\/a><\/li>\n\n\n\n<li><a href=\"https:\/\/patermachac.farnostmatej.cz\/?page_id=434\" data-type=\"page\" data-id=\"434\">Bohoslu\u017eba u sv. V\u00e1clava (1975)<\/a><\/li>\n\n\n\n<li><a href=\"https:\/\/patermachac.farnostmatej.cz\/?page_id=436\" data-type=\"page\" data-id=\"436\">P\u00e1ter Macha\u010d u sv. V\u00e1clava (v\u00fdb\u011br, nedatov\u00e1no)<\/a><\/li>\n\n\n\n<li><a href=\"https:\/\/patermachac.farnostmatej.cz\/?page_id=438\" data-type=\"page\" data-id=\"438\">Hrob Mons. Jana Macha\u010de<\/a><\/li>\n\n\n\n<li><a href=\"https:\/\/patermachac.farnostmatej.cz\/?page_id=440\" data-type=\"page\" data-id=\"440\">Kostel sv. V\u00e1clava v Praze 6 \u2013 Dejvic\u00edch (1981)<\/a><\/li>\n\n\n\n<li><a href=\"https:\/\/patermachac.farnostmatej.cz\/?page_id=442\" data-type=\"page\" data-id=\"442\">Pohledy na kostel sv. Mat\u011bje z Horn\u00ed \u0160\u00e1rky (1978)<\/a><\/li>\n\n\n\n<li><a href=\"https:\/\/patermachac.farnostmatej.cz\/?page_id=444\" data-type=\"page\" data-id=\"444\">Kostel sv. Mat\u011bje v Praze 6 \u2013 Dejvic\u00edch (1975)<\/a><\/li>\n\n\n\n<li><a href=\"https:\/\/patermachac.farnostmatej.cz\/?page_id=150\" data-type=\"page\" data-id=\"150\">Kostel sv. Mikul\u00e1\u0161e ve Zl\u00edn\u011b \u2013 Malenovic\u00edch<\/a><\/li>\n\n\n\n<li><a href=\"http:\/\/patermachac.farnostmatej.cz\/?page_id=154\" data-type=\"page\" data-id=\"154\">Kostel sv. Jakuba V\u011bt\u0161\u00edho v Te\u010dovic\u00edch<\/a><\/li>\n\n\n\n<li><a href=\"http:\/\/patermachac.farnostmatej.cz\/?page_id=157\" data-type=\"page\" data-id=\"157\">Kaple Panny Marie ve Zl\u00edn\u011b \u2013 Chlumu<\/a><\/li>\n\n\n\n<li><a href=\"http:\/\/patermachac.farnostmatej.cz\/?page_id=160\" data-type=\"page\" data-id=\"160\">Svat\u00fd Host\u00fdn<\/a><\/li>\n\n\n\n<li><a href=\"http:\/\/patermachac.farnostmatej.cz\/?page_id=164\" data-type=\"page\" data-id=\"164\">Kostel Nanebevzet\u00ed Panny Marie v Hole\u0161ov\u011b<\/a><\/li>\n\n\n\n<li><a href=\"https:\/\/patermachac.farnostmatej.cz\/?page_id=260\" data-type=\"page\" data-id=\"260\">Kostel sv. Mikul\u00e1\u0161e a sv. Al\u017eb\u011bty v&nbsp;Chebu<\/a><\/li>\n\n\n\n<li><a href=\"https:\/\/patermachac.farnostmatej.cz\/?page_id=207\" data-type=\"page\" data-id=\"207\">Kostel sv. V\u00e1clava v Horn\u00ed Lid\u010di<\/a><\/li>\n\n\n\n<li><a href=\"https:\/\/patermachac.farnostmatej.cz\/?page_id=269\" data-type=\"page\" data-id=\"269\">Kostel sv. Kate\u0159iny v&nbsp;Lide\u010dku<\/a><\/li>\n\n\n\n<li><a href=\"https:\/\/patermachac.farnostmatej.cz\/?page_id=273\" data-type=\"page\" data-id=\"273\">Gymn\u00e1zium Vset\u00edn<\/a><\/li>\n\n\n\n<li><a href=\"https:\/\/patermachac.farnostmatej.cz\/?page_id=276\" data-type=\"page\" data-id=\"276\">V\u00fdro\u010dn\u00ed obr\u00e1zky P. Jana Macha\u010de<\/a><\/li>\n<\/ul>\n\n\n\n<p><\/p>\n","protected":false},"excerpt":{"rendered":"","protected":false},"author":1,"featured_media":0,"parent":0,"menu_order":0,"comment_status":"closed","ping_status":"closed","template":"","meta":{"footnotes":""},"class_list":["post-92","page","type-page","status-publish","hentry"],"_links":{"self":[{"href":"http:\/\/patermachac.farnostmatej.cz\/index.php?rest_route=\/wp\/v2\/pages\/92","targetHints":{"allow":["GET"]}}],"collection":[{"href":"http:\/\/patermachac.farnostmatej.cz\/index.php?rest_route=\/wp\/v2\/pages"}],"about":[{"href":"http:\/\/patermachac.farnostmatej.cz\/index.php?rest_route=\/wp\/v2\/types\/page"}],"author":[{"embeddable":true,"href":"http:\/\/patermachac.farnostmatej.cz\/index.php?rest_route=\/wp\/v2\/users\/1"}],"replies":[{"embeddable":true,"href":"http:\/\/patermachac.farnostmatej.cz\/index.php?rest_route=%2Fwp%2Fv2%2Fcomments&post=92"}],"version-history":[{"count":17,"href":"http:\/\/patermachac.farnostmatej.cz\/index.php?rest_route=\/wp\/v2\/pages\/92\/revisions"}],"predecessor-version":[{"id":447,"href":"http:\/\/patermachac.farnostmatej.cz\/index.php?rest_route=\/wp\/v2\/pages\/92\/revisions\/447"}],"wp:attachment":[{"href":"http:\/\/patermachac.farnostmatej.cz\/index.php?rest_route=%2Fwp%2Fv2%2Fmedia&parent=92"}],"curies":[{"name":"wp","href":"https:\/\/api.w.org\/{rel}","templated":true}]}}