{"id":150,"date":"2022-10-27T00:21:21","date_gmt":"2022-10-26T22:21:21","guid":{"rendered":"http:\/\/patermachac.farnostmatej.cz\/?page_id=150"},"modified":"2022-11-25T01:30:03","modified_gmt":"2022-11-25T00:30:03","slug":"kostel-sv-mikulase-ve-zline-malenovicich","status":"publish","type":"page","link":"https:\/\/patermachac.farnostmatej.cz\/?page_id=150","title":{"rendered":"Kostel sv. Mikul\u00e1\u0161e ve Zl\u00edn\u011b &#8211; Malenovic\u00edch"},"content":{"rendered":"\n<p><strong>kostel sv. Mikul\u00e1\u0161e ve Zl\u00edn\u011b &#8211; Malenovic\u00edch,<br>p\u016fsobi\u0161ti P. Jana Macha\u010de v letech 1966 &#8211; 1968<\/strong><\/p>\n\n\n\n<p>P\u0159ed p\u0159\u00edchodem do Malenovic vypom\u00e1hal P. Macha\u010d b\u011bhem pr\u00e1ce v tov\u00e1rn\u011b v Byst\u0159ici pod Host\u00fdnem jako zpov\u011bdn\u00edk na Host\u00fdn\u011b a v Hole\u0161ov\u011b, ofici\u00e1ln\u011b v \u017e\u00e1dn\u00e9 farnosti p\u016fsobit nemohl. V Malenovic\u00edch na \u00fazem\u00ed tehdej\u0161\u00edho Gottwaldova p\u016fsobil jako administr\u00e1tor od 15. 4. 1966, kdy mu byl vr\u00e1cen st\u00e1tn\u00ed souhlas s v\u00fdkonem kn\u011b\u017esk\u00e9 slu\u017eby, a vyst\u0159\u00eddal zde P. Kr\u00e1le.<\/p>\n\n\n\n<p>P\u0159esto\u017ee P. Macha\u010d p\u016fsobil v Malenovic\u00edch jen dva roky, sta\u010dil si nejen z\u00edskat oblibu zdej\u0161\u00edch farn\u00edk\u016f, ale tak\u00e9 zapo\u010dal s opravou kostela sv. Jakuba V\u011bt\u0161\u00edho v Te\u010dovic\u00edch a opravou st\u0159echy kaple Panny Marie v Chlumu, kter\u00e9 byly sou\u010d\u00e1st\u00ed malenovick\u00e9 farnosti. Macha\u010dovo p\u016fsoben\u00ed v Malenovic\u00edch skon\u010dilo 30. 6. 1968, kdy jej ve funkci zdej\u0161\u00edho administr\u00e1tora vyst\u0159\u00eddal Dr. Vojt\u011bch Martin\u016f. P\u00e1ter Macha\u010d ode\u0161el na p\u0159\u00e1n\u00ed biskupa Franti\u0161ka Tom\u00e1\u0161ka na pra\u017eskou konsisto\u0159 a po zbytek \u017eivota ji\u017e p\u016fsobil jen v Praze. Malenovice tak z\u016fstaly jedin\u00fdm ofici\u00e1ln\u00edm p\u016fsobi\u0161t\u011bm P. Macha\u010de na Morav\u011b.<\/p>\n\n\n\n<p>(viz t\u00e9\u017e: Kostel sv. Jakuba V\u011bt\u0161\u00edho v Te\u010dovic\u00edch, Kaple Panny Marie ve Zl\u00edn\u011b &#8211; Chlumu)<\/p>\n\n\n\n<p>foto z 5. 5. 2014<br>8 fotografi\u00ed, foto \u00a9 Jan Nov\u00e1k<\/p>\n\n\n\n<style id=\"bwg-style-0\">    #bwg_container1_0 #bwg_container2_0 .bwg-container-0.bwg-standard-thumbnails {      width: 1254px;              justify-content: center;        margin:0 auto !important;              background-color: rgba(255, 255, 255, 0.00);            padding-left: 4px;      padding-top: 4px;      max-width: 100%;            }        #bwg_container1_0 #bwg_container2_0 .bwg-container-0.bwg-standard-thumbnails .bwg-item {    justify-content: flex-start;      max-width: 250px;          }    #bwg_container1_0 #bwg_container2_0 .bwg-container-0.bwg-standard-thumbnails .bwg-item a {       margin-right: 4px;       margin-bottom: 4px;    }    #bwg_container1_0 #bwg_container2_0 .bwg-container-0.bwg-standard-thumbnails .bwg-item0 {      padding: 0px;            background-color:rgba(0,0,0, 0.30);      border: 0px none #CCCCCC;      opacity: 1.00;      border-radius: 0;      box-shadow: ;    }    #bwg_container1_0 #bwg_container2_0 .bwg-container-0.bwg-standard-thumbnails .bwg-item1 img {      max-height: none;      max-width: none;      padding: 0 !important;    }         @media only screen and (min-width: 480px) {\t\t#bwg_container1_0 #bwg_container2_0 .bwg-container-0.bwg-standard-thumbnails .bwg-item1 img {\t\t\t-webkit-transition: all .3s; transition: all .3s;\t\t}\t\t#bwg_container1_0 #bwg_container2_0 .bwg-container-0.bwg-standard-thumbnails .bwg-item1 img:hover {\t\t\t-ms-transform: scale(1.08);\t\t\t-webkit-transform: scale(1.08);\t\t\ttransform: scale(1.08);\t\t}\t\t\t\t.bwg-standard-thumbnails .bwg-zoom-effect .bwg-zoom-effect-overlay {\t\t\t\t\t\tbackground-color:rgba(0,0,0, 0.3);\t\t}\t\t.bwg-standard-thumbnails .bwg-zoom-effect:hover img {\t\t\t-ms-transform: scale(1.08);\t\t\t-webkit-transform: scale(1.08);\t\t\ttransform: scale(1.08);\t\t}\t\t      }\t    #bwg_container1_0 #bwg_container2_0 .bwg-container-0.bwg-standard-thumbnails .bwg-item1 {      padding-top: 64%;    }        #bwg_container1_0 #bwg_container2_0 .bwg-container-0.bwg-standard-thumbnails .bwg-title1 {      position: absolute;      top: 0;      z-index: 100;      width: 100%;      height: 100%;      display: flex;      justify-content: center;      align-content: center;      flex-direction: column;      opacity: 0;    }\t      #bwg_container1_0 #bwg_container2_0 .bwg-container-0.bwg-standard-thumbnails .bwg-title2,    #bwg_container1_0 #bwg_container2_0 .bwg-container-0.bwg-standard-thumbnails .bwg-ecommerce2 {      color: #FFFFFF;      font-family: Ubuntu;      font-size: 16px;      font-weight: bold;      padding: 2px;      text-shadow: ;      max-height: 100%;    }    #bwg_container1_0 #bwg_container2_0 .bwg-container-0.bwg-standard-thumbnails .bwg-thumb-description span {    color: #323A45;    font-family: Ubuntu;    font-size: 12px;    max-height: 100%;    word-wrap: break-word;    }    #bwg_container1_0 #bwg_container2_0 .bwg-container-0.bwg-standard-thumbnails .bwg-play-icon2 {      font-size: 32px;    }    #bwg_container1_0 #bwg_container2_0 .bwg-container-0.bwg-standard-thumbnails .bwg-ecommerce2 {      font-size: 19.2px;      color: #323A45;    }    <\/style>    <div id=\"bwg_container1_0\"         class=\"bwg_container bwg_thumbnail bwg_thumbnails \"         data-right-click-protection=\"0\"         data-bwg=\"0\"         data-scroll=\"0\"         data-gallery-type=\"thumbnails\"         data-gallery-view-type=\"thumbnails\"         data-current-url=\"\/index.php?rest_route=%2Fwp%2Fv2%2Fpages%2F150\"         data-lightbox-url=\"https:\/\/patermachac.farnostmatej.cz\/wp-admin\/admin-ajax.php?action=GalleryBox&#038;current_view=0&#038;gallery_id=17&#038;tag=0&#038;theme_id=1&#038;shortcode_id=73&#038;sort_by=order&#038;order_by=asc&#038;current_url=%2Findex.php%3Frest_route%3D%252Fwp%252Fv2%252Fpages%252F150\"         data-gallery-id=\"17\"         data-popup-width=\"800\"         data-popup-height=\"500\"         data-is-album=\"gallery\"         data-buttons-position=\"bottom\">      <div id=\"bwg_container2_0\">             <div id=\"ajax_loading_0\" class=\"bwg_loading_div_1\">      <div class=\"bwg_loading_div_2\">        <div class=\"bwg_loading_div_3\">          <div id=\"loading_div_0\" class=\"bwg_spider_ajax_loading\">          <\/div>        <\/div>      <\/div>    <\/div>            <form id=\"gal_front_form_0\"              class=\"bwg-hidden\"              method=\"post\"              action=\"#\"              data-current=\"0\"              data-shortcode-id=\"73\"              data-gallery-type=\"thumbnails\"              data-gallery-id=\"17\"              data-tag=\"0\"              data-album-id=\"0\"              data-theme-id=\"1\"              data-ajax-url=\"https:\/\/patermachac.farnostmatej.cz\/wp-admin\/admin-ajax.php?action=bwg_frontend_data\">          <div id=\"bwg_container3_0\" class=\"bwg-background bwg-background-0\">                <div data-max-count=\"5\"         data-thumbnail-width=\"250\"         data-bwg=\"0\"         data-gallery-id=\"17\"         data-lightbox-url=\"https:\/\/patermachac.farnostmatej.cz\/wp-admin\/admin-ajax.php?action=GalleryBox&amp;current_view=0&amp;gallery_id=17&amp;tag=0&amp;theme_id=1&amp;shortcode_id=73&amp;sort_by=order&amp;order_by=asc&amp;current_url=%2Findex.php%3Frest_route%3D%252Fwp%252Fv2%252Fpages%252F150\"         id=\"bwg_thumbnails_0\"         class=\"bwg-container-0 bwg-thumbnails bwg-standard-thumbnails bwg-container bwg-border-box\">            <div class=\"bwg-item\">        <a class=\"bwg-a  bwg_lightbox\"  data-image-id=\"2067\" href=\"https:\/\/patermachac.farnostmatej.cz\/wp-content\/uploads\/photo-gallery\/2014_05_05_Zlin_Malenovice_kostel_sv_Mikulase\/0097.jpg?bwg=1669336158\" data-elementor-open-lightbox=\"no\">                <div class=\"bwg-item0 \">          <div class=\"bwg-item1 bwg-zoom-effect\">            <div class=\"bwg-item2\">              <img decoding=\"async\" class=\"skip-lazy bwg_standart_thumb_img_0 \"                   data-id=\"2067\"                   data-width=\"299.00\"                   data-height=\"500.00\"                   data-src=\"https:\/\/patermachac.farnostmatej.cz\/wp-content\/uploads\/photo-gallery\/2014_05_05_Zlin_Malenovice_kostel_sv_Mikulase\/thumb\/0097.jpg?bwg=1669336158\"                   src=\"https:\/\/patermachac.farnostmatej.cz\/wp-content\/uploads\/photo-gallery\/2014_05_05_Zlin_Malenovice_kostel_sv_Mikulase\/thumb\/0097.jpg?bwg=1669336158\"                   alt=\"\"                   title=\"\" \/>            <\/div>            <div class=\"bwg-zoom-effect-overlay\">              <div class=\"bwg-title1\"><div class=\"bwg-title2\">&nbsp;<\/div><\/div>                                        <\/div>          <\/div>        <\/div>                        <\/a>              <\/div>            <div class=\"bwg-item\">        <a class=\"bwg-a  bwg_lightbox\"  data-image-id=\"2068\" href=\"https:\/\/patermachac.farnostmatej.cz\/wp-content\/uploads\/photo-gallery\/2014_05_05_Zlin_Malenovice_kostel_sv_Mikulase\/0101.jpg?bwg=1669336158\" data-elementor-open-lightbox=\"no\">                <div class=\"bwg-item0 \">          <div class=\"bwg-item1 bwg-zoom-effect\">            <div class=\"bwg-item2\">              <img decoding=\"async\" class=\"skip-lazy bwg_standart_thumb_img_0 \"                   data-id=\"2068\"                   data-width=\"500.00\"                   data-height=\"333.00\"                   data-src=\"https:\/\/patermachac.farnostmatej.cz\/wp-content\/uploads\/photo-gallery\/2014_05_05_Zlin_Malenovice_kostel_sv_Mikulase\/thumb\/0101.jpg?bwg=1669336158\"                   src=\"https:\/\/patermachac.farnostmatej.cz\/wp-content\/uploads\/photo-gallery\/2014_05_05_Zlin_Malenovice_kostel_sv_Mikulase\/thumb\/0101.jpg?bwg=1669336158\"                   alt=\"\"                   title=\"\" \/>            <\/div>            <div class=\"bwg-zoom-effect-overlay\">              <div class=\"bwg-title1\"><div class=\"bwg-title2\">&nbsp;<\/div><\/div>                                        <\/div>          <\/div>        <\/div>                        <\/a>              <\/div>            <div class=\"bwg-item\">        <a class=\"bwg-a  bwg_lightbox\"  data-image-id=\"2069\" href=\"https:\/\/patermachac.farnostmatej.cz\/wp-content\/uploads\/photo-gallery\/2014_05_05_Zlin_Malenovice_kostel_sv_Mikulase\/0113.jpg?bwg=1669336158\" data-elementor-open-lightbox=\"no\">                <div class=\"bwg-item0 \">          <div class=\"bwg-item1 bwg-zoom-effect\">            <div class=\"bwg-item2\">              <img decoding=\"async\" class=\"skip-lazy bwg_standart_thumb_img_0 \"                   data-id=\"2069\"                   data-width=\"500.00\"                   data-height=\"333.00\"                   data-src=\"https:\/\/patermachac.farnostmatej.cz\/wp-content\/uploads\/photo-gallery\/2014_05_05_Zlin_Malenovice_kostel_sv_Mikulase\/thumb\/0113.jpg?bwg=1669336158\"                   src=\"https:\/\/patermachac.farnostmatej.cz\/wp-content\/uploads\/photo-gallery\/2014_05_05_Zlin_Malenovice_kostel_sv_Mikulase\/thumb\/0113.jpg?bwg=1669336158\"                   alt=\"\"                   title=\"\" \/>            <\/div>            <div class=\"bwg-zoom-effect-overlay\">              <div class=\"bwg-title1\"><div class=\"bwg-title2\">&nbsp;<\/div><\/div>                                        <\/div>          <\/div>        <\/div>                        <\/a>              <\/div>            <div class=\"bwg-item\">        <a class=\"bwg-a  bwg_lightbox\"  data-image-id=\"2070\" href=\"https:\/\/patermachac.farnostmatej.cz\/wp-content\/uploads\/photo-gallery\/2014_05_05_Zlin_Malenovice_kostel_sv_Mikulase\/0117.jpg?bwg=1669336158\" data-elementor-open-lightbox=\"no\">                <div class=\"bwg-item0 \">          <div class=\"bwg-item1 bwg-zoom-effect\">            <div class=\"bwg-item2\">              <img decoding=\"async\" class=\"skip-lazy bwg_standart_thumb_img_0 \"                   data-id=\"2070\"                   data-width=\"500.00\"                   data-height=\"333.00\"                   data-src=\"https:\/\/patermachac.farnostmatej.cz\/wp-content\/uploads\/photo-gallery\/2014_05_05_Zlin_Malenovice_kostel_sv_Mikulase\/thumb\/0117.jpg?bwg=1669336158\"                   src=\"https:\/\/patermachac.farnostmatej.cz\/wp-content\/uploads\/photo-gallery\/2014_05_05_Zlin_Malenovice_kostel_sv_Mikulase\/thumb\/0117.jpg?bwg=1669336158\"                   alt=\"\"                   title=\"\" \/>            <\/div>            <div class=\"bwg-zoom-effect-overlay\">              <div class=\"bwg-title1\"><div class=\"bwg-title2\">&nbsp;<\/div><\/div>                                        <\/div>          <\/div>        <\/div>                        <\/a>              <\/div>            <div class=\"bwg-item\">        <a class=\"bwg-a  bwg_lightbox\"  data-image-id=\"2071\" href=\"https:\/\/patermachac.farnostmatej.cz\/wp-content\/uploads\/photo-gallery\/2014_05_05_Zlin_Malenovice_kostel_sv_Mikulase\/0119.jpg?bwg=1669336158\" data-elementor-open-lightbox=\"no\">                <div class=\"bwg-item0 \">          <div class=\"bwg-item1 bwg-zoom-effect\">            <div class=\"bwg-item2\">              <img decoding=\"async\" class=\"skip-lazy bwg_standart_thumb_img_0 \"                   data-id=\"2071\"                   data-width=\"500.00\"                   data-height=\"333.00\"                   data-src=\"https:\/\/patermachac.farnostmatej.cz\/wp-content\/uploads\/photo-gallery\/2014_05_05_Zlin_Malenovice_kostel_sv_Mikulase\/thumb\/0119.jpg?bwg=1669336158\"                   src=\"https:\/\/patermachac.farnostmatej.cz\/wp-content\/uploads\/photo-gallery\/2014_05_05_Zlin_Malenovice_kostel_sv_Mikulase\/thumb\/0119.jpg?bwg=1669336158\"                   alt=\"\"                   title=\"\" \/>            <\/div>            <div class=\"bwg-zoom-effect-overlay\">              <div class=\"bwg-title1\"><div class=\"bwg-title2\">&nbsp;<\/div><\/div>                                        <\/div>          <\/div>        <\/div>                        <\/a>              <\/div>            <div class=\"bwg-item\">        <a class=\"bwg-a  bwg_lightbox\"  data-image-id=\"2072\" href=\"https:\/\/patermachac.farnostmatej.cz\/wp-content\/uploads\/photo-gallery\/2014_05_05_Zlin_Malenovice_kostel_sv_Mikulase\/0121.jpg?bwg=1669336158\" data-elementor-open-lightbox=\"no\">                <div class=\"bwg-item0 \">          <div class=\"bwg-item1 bwg-zoom-effect\">            <div class=\"bwg-item2\">              <img decoding=\"async\" class=\"skip-lazy bwg_standart_thumb_img_0 \"                   data-id=\"2072\"                   data-width=\"333.00\"                   data-height=\"500.00\"                   data-src=\"https:\/\/patermachac.farnostmatej.cz\/wp-content\/uploads\/photo-gallery\/2014_05_05_Zlin_Malenovice_kostel_sv_Mikulase\/thumb\/0121.jpg?bwg=1669336158\"                   src=\"https:\/\/patermachac.farnostmatej.cz\/wp-content\/uploads\/photo-gallery\/2014_05_05_Zlin_Malenovice_kostel_sv_Mikulase\/thumb\/0121.jpg?bwg=1669336158\"                   alt=\"\"                   title=\"\" \/>            <\/div>            <div class=\"bwg-zoom-effect-overlay\">              <div class=\"bwg-title1\"><div class=\"bwg-title2\">&nbsp;<\/div><\/div>                                        <\/div>          <\/div>        <\/div>                        <\/a>              <\/div>            <div class=\"bwg-item\">        <a class=\"bwg-a  bwg_lightbox\"  data-image-id=\"2073\" href=\"https:\/\/patermachac.farnostmatej.cz\/wp-content\/uploads\/photo-gallery\/2014_05_05_Zlin_Malenovice_kostel_sv_Mikulase\/0122.jpg?bwg=1669336158\" data-elementor-open-lightbox=\"no\">                <div class=\"bwg-item0 \">          <div class=\"bwg-item1 bwg-zoom-effect\">            <div class=\"bwg-item2\">              <img decoding=\"async\" class=\"skip-lazy bwg_standart_thumb_img_0 \"                   data-id=\"2073\"                   data-width=\"500.00\"                   data-height=\"369.00\"                   data-src=\"https:\/\/patermachac.farnostmatej.cz\/wp-content\/uploads\/photo-gallery\/2014_05_05_Zlin_Malenovice_kostel_sv_Mikulase\/thumb\/0122.jpg?bwg=1669336158\"                   src=\"https:\/\/patermachac.farnostmatej.cz\/wp-content\/uploads\/photo-gallery\/2014_05_05_Zlin_Malenovice_kostel_sv_Mikulase\/thumb\/0122.jpg?bwg=1669336158\"                   alt=\"\"                   title=\"\" \/>            <\/div>            <div class=\"bwg-zoom-effect-overlay\">              <div class=\"bwg-title1\"><div class=\"bwg-title2\">&nbsp;<\/div><\/div>                                        <\/div>          <\/div>        <\/div>                        <\/a>              <\/div>            <div class=\"bwg-item\">        <a class=\"bwg-a  bwg_lightbox\"  data-image-id=\"2074\" href=\"https:\/\/patermachac.farnostmatej.cz\/wp-content\/uploads\/photo-gallery\/2014_05_05_Zlin_Malenovice_kostel_sv_Mikulase\/0126.jpg?bwg=1669336158\" data-elementor-open-lightbox=\"no\">                <div class=\"bwg-item0 \">          <div class=\"bwg-item1 bwg-zoom-effect\">            <div class=\"bwg-item2\">              <img decoding=\"async\" class=\"skip-lazy bwg_standart_thumb_img_0 \"                   data-id=\"2074\"                   data-width=\"333.00\"                   data-height=\"500.00\"                   data-src=\"https:\/\/patermachac.farnostmatej.cz\/wp-content\/uploads\/photo-gallery\/2014_05_05_Zlin_Malenovice_kostel_sv_Mikulase\/thumb\/0126.jpg?bwg=1669336158\"                   src=\"https:\/\/patermachac.farnostmatej.cz\/wp-content\/uploads\/photo-gallery\/2014_05_05_Zlin_Malenovice_kostel_sv_Mikulase\/thumb\/0126.jpg?bwg=1669336158\"                   alt=\"\"                   title=\"\" \/>            <\/div>            <div class=\"bwg-zoom-effect-overlay\">              <div class=\"bwg-title1\"><div class=\"bwg-title2\">&nbsp;<\/div><\/div>                                        <\/div>          <\/div>        <\/div>                        <\/a>              <\/div>          <\/div>              <\/div>        <\/form>        <style>          #bwg_container1_0 #bwg_container2_0 #spider_popup_overlay_0 {          background-color: #EEEEEE;          opacity: 0.60;          }          <\/style>        <div id=\"bwg_spider_popup_loading_0\" class=\"bwg_spider_popup_loading\"><\/div>        <div id=\"spider_popup_overlay_0\" class=\"spider_popup_overlay\" onclick=\"spider_destroypopup(1000)\"><\/div>        <input type=\"hidden\" id=\"bwg_random_seed_0\" value=\"940760750\">                <\/div>    <\/div>    <script>      if (document.readyState === 'complete') {        if( typeof bwg_main_ready == 'function' ) {          if ( jQuery(\"#bwg_container1_0\").height() ) {            bwg_main_ready(jQuery(\"#bwg_container1_0\"));          }        }      } else {        document.addEventListener('DOMContentLoaded', function() {          if( typeof bwg_main_ready == 'function' ) {            if ( jQuery(\"#bwg_container1_0\").height() ) {             bwg_main_ready(jQuery(\"#bwg_container1_0\"));            }          }        });      }    <\/script>    \n","protected":false},"excerpt":{"rendered":"<p>kostel sv. Mikul\u00e1\u0161e ve Zl\u00edn\u011b &#8211; Malenovic\u00edch,p\u016fsobi\u0161ti P. Jana Macha\u010de v letech 1966 &#8211; 1968 P\u0159ed p\u0159\u00edchodem do Malenovic vypom\u00e1hal P. Macha\u010d b\u011bhem pr\u00e1ce v tov\u00e1rn\u011b v Byst\u0159ici pod Host\u00fdnem jako zpov\u011bdn\u00edk na Host\u00fdn\u011b a v Hole\u0161ov\u011b, ofici\u00e1ln\u011b v \u017e\u00e1dn\u00e9 &#8230; <a class=\"more-link\" href=\"https:\/\/patermachac.farnostmatej.cz\/?page_id=150\">\u010c\u00edst v\u00edce &raquo;<\/a><\/p>\n","protected":false},"author":1,"featured_media":0,"parent":92,"menu_order":0,"comment_status":"closed","ping_status":"closed","template":"","meta":{"footnotes":""},"class_list":["post-150","page","type-page","status-publish","hentry"],"_links":{"self":[{"href":"https:\/\/patermachac.farnostmatej.cz\/index.php?rest_route=\/wp\/v2\/pages\/150","targetHints":{"allow":["GET"]}}],"collection":[{"href":"https:\/\/patermachac.farnostmatej.cz\/index.php?rest_route=\/wp\/v2\/pages"}],"about":[{"href":"https:\/\/patermachac.farnostmatej.cz\/index.php?rest_route=\/wp\/v2\/types\/page"}],"author":[{"embeddable":true,"href":"https:\/\/patermachac.farnostmatej.cz\/index.php?rest_route=\/wp\/v2\/users\/1"}],"replies":[{"embeddable":true,"href":"https:\/\/patermachac.farnostmatej.cz\/index.php?rest_route=%2Fwp%2Fv2%2Fcomments&post=150"}],"version-history":[{"count":3,"href":"https:\/\/patermachac.farnostmatej.cz\/index.php?rest_route=\/wp\/v2\/pages\/150\/revisions"}],"predecessor-version":[{"id":250,"href":"https:\/\/patermachac.farnostmatej.cz\/index.php?rest_route=\/wp\/v2\/pages\/150\/revisions\/250"}],"up":[{"embeddable":true,"href":"https:\/\/patermachac.farnostmatej.cz\/index.php?rest_route=\/wp\/v2\/pages\/92"}],"wp:attachment":[{"href":"https:\/\/patermachac.farnostmatej.cz\/index.php?rest_route=%2Fwp%2Fv2%2Fmedia&parent=150"}],"curies":[{"name":"wp","href":"https:\/\/api.w.org\/{rel}","templated":true}]}}