{"id":276,"date":"2022-11-25T02:29:04","date_gmt":"2022-11-25T01:29:04","guid":{"rendered":"https:\/\/patermachac.farnostmatej.cz\/?page_id=276"},"modified":"2022-11-25T02:29:04","modified_gmt":"2022-11-25T01:29:04","slug":"vyrocni-obrazky-p-jana-machace","status":"publish","type":"page","link":"https:\/\/patermachac.farnostmatej.cz\/?page_id=276","title":{"rendered":"V\u00fdro\u010dn\u00ed obr\u00e1zky P. Jana Macha\u010de"},"content":{"rendered":"\n<p><strong>svat\u00e9 obr\u00e1zky vydan\u00e9 ke kn\u011b\u017esk\u00e9mu sv\u011bcen\u00ed P. Jana Macha\u010de (1943)<\/strong> <strong>a jeho v\u00fdro\u010d\u00edm<\/strong><\/p>\n\n\n\n<p>6 obr\u00e1zk\u016f<\/p>\n\n\n\n<p><strong>pam\u011btn\u00ed karti\u010dka vydan\u00e1 ke 100. v\u00fdro\u010d\u00ed narozen\u00ed Mons. Jana Macha\u010de (2015)<\/strong><\/p>\n\n\n\n<p>1 obr\u00e1zek<\/p>\n\n\n\n<style id=\"bwg-style-0\">    #bwg_container1_0 #bwg_container2_0 .bwg-container-0.bwg-standard-thumbnails {      width: 1254px;              justify-content: center;        margin:0 auto !important;              background-color: rgba(255, 255, 255, 0.00);            padding-left: 4px;      padding-top: 4px;      max-width: 100%;            }        #bwg_container1_0 #bwg_container2_0 .bwg-container-0.bwg-standard-thumbnails .bwg-item {    justify-content: flex-start;      max-width: 250px;          }    #bwg_container1_0 #bwg_container2_0 .bwg-container-0.bwg-standard-thumbnails .bwg-item a {       margin-right: 4px;       margin-bottom: 4px;    }    #bwg_container1_0 #bwg_container2_0 .bwg-container-0.bwg-standard-thumbnails .bwg-item0 {      padding: 0px;            background-color:rgba(0,0,0, 0.30);      border: 0px none #CCCCCC;      opacity: 1.00;      border-radius: 0;      box-shadow: ;    }    #bwg_container1_0 #bwg_container2_0 .bwg-container-0.bwg-standard-thumbnails .bwg-item1 img {      max-height: none;      max-width: none;      padding: 0 !important;    }         @media only screen and (min-width: 480px) {\t\t#bwg_container1_0 #bwg_container2_0 .bwg-container-0.bwg-standard-thumbnails .bwg-item1 img {\t\t\t-webkit-transition: all .3s; transition: all .3s;\t\t}\t\t#bwg_container1_0 #bwg_container2_0 .bwg-container-0.bwg-standard-thumbnails .bwg-item1 img:hover {\t\t\t-ms-transform: scale(1.08);\t\t\t-webkit-transform: scale(1.08);\t\t\ttransform: scale(1.08);\t\t}\t\t\t\t.bwg-standard-thumbnails .bwg-zoom-effect .bwg-zoom-effect-overlay {\t\t\t\t\t\tbackground-color:rgba(0,0,0, 0.3);\t\t}\t\t.bwg-standard-thumbnails .bwg-zoom-effect:hover img {\t\t\t-ms-transform: scale(1.08);\t\t\t-webkit-transform: scale(1.08);\t\t\ttransform: scale(1.08);\t\t}\t\t      }\t    #bwg_container1_0 #bwg_container2_0 .bwg-container-0.bwg-standard-thumbnails .bwg-item1 {      padding-top: 64%;    }        #bwg_container1_0 #bwg_container2_0 .bwg-container-0.bwg-standard-thumbnails .bwg-title1 {      position: absolute;      top: 0;      z-index: 100;      width: 100%;      height: 100%;      display: flex;      justify-content: center;      align-content: center;      flex-direction: column;      opacity: 0;    }\t      #bwg_container1_0 #bwg_container2_0 .bwg-container-0.bwg-standard-thumbnails .bwg-title2,    #bwg_container1_0 #bwg_container2_0 .bwg-container-0.bwg-standard-thumbnails .bwg-ecommerce2 {      color: #FFFFFF;      font-family: Ubuntu;      font-size: 16px;      font-weight: bold;      padding: 2px;      text-shadow: ;      max-height: 100%;    }    #bwg_container1_0 #bwg_container2_0 .bwg-container-0.bwg-standard-thumbnails .bwg-thumb-description span {    color: #323A45;    font-family: Ubuntu;    font-size: 12px;    max-height: 100%;    word-wrap: break-word;    }    #bwg_container1_0 #bwg_container2_0 .bwg-container-0.bwg-standard-thumbnails .bwg-play-icon2 {      font-size: 32px;    }    #bwg_container1_0 #bwg_container2_0 .bwg-container-0.bwg-standard-thumbnails .bwg-ecommerce2 {      font-size: 19.2px;      color: #323A45;    }    <\/style>    <div id=\"bwg_container1_0\"         class=\"bwg_container bwg_thumbnail bwg_thumbnails \"         data-right-click-protection=\"0\"         data-bwg=\"0\"         data-scroll=\"0\"         data-gallery-type=\"thumbnails\"         data-gallery-view-type=\"thumbnails\"         data-current-url=\"\/index.php?rest_route=%2Fwp%2Fv2%2Fpages%2F276\"         data-lightbox-url=\"https:\/\/patermachac.farnostmatej.cz\/wp-admin\/admin-ajax.php?action=GalleryBox&#038;current_view=0&#038;gallery_id=29&#038;tag=0&#038;theme_id=1&#038;shortcode_id=88&#038;sort_by=order&#038;order_by=asc&#038;current_url=%2Findex.php%3Frest_route%3D%252Fwp%252Fv2%252Fpages%252F276\"         data-gallery-id=\"29\"         data-popup-width=\"800\"         data-popup-height=\"500\"         data-is-album=\"gallery\"         data-buttons-position=\"bottom\">      <div id=\"bwg_container2_0\">             <div id=\"ajax_loading_0\" class=\"bwg_loading_div_1\">      <div class=\"bwg_loading_div_2\">        <div class=\"bwg_loading_div_3\">          <div id=\"loading_div_0\" class=\"bwg_spider_ajax_loading\">          <\/div>        <\/div>      <\/div>    <\/div>            <form id=\"gal_front_form_0\"              class=\"bwg-hidden\"              method=\"post\"              action=\"#\"              data-current=\"0\"              data-shortcode-id=\"88\"              data-gallery-type=\"thumbnails\"              data-gallery-id=\"29\"              data-tag=\"0\"              data-album-id=\"0\"              data-theme-id=\"1\"              data-ajax-url=\"https:\/\/patermachac.farnostmatej.cz\/wp-admin\/admin-ajax.php?action=bwg_frontend_data\">          <div id=\"bwg_container3_0\" class=\"bwg-background bwg-background-0\">                <div data-max-count=\"5\"         data-thumbnail-width=\"250\"         data-bwg=\"0\"         data-gallery-id=\"29\"         data-lightbox-url=\"https:\/\/patermachac.farnostmatej.cz\/wp-admin\/admin-ajax.php?action=GalleryBox&amp;current_view=0&amp;gallery_id=29&amp;tag=0&amp;theme_id=1&amp;shortcode_id=88&amp;sort_by=order&amp;order_by=asc&amp;current_url=%2Findex.php%3Frest_route%3D%252Fwp%252Fv2%252Fpages%252F276\"         id=\"bwg_thumbnails_0\"         class=\"bwg-container-0 bwg-thumbnails bwg-standard-thumbnails bwg-container bwg-border-box\">            <div class=\"bwg-item\">        <a class=\"bwg-a  bwg_lightbox\"  data-image-id=\"2391\" href=\"https:\/\/patermachac.farnostmatej.cz\/wp-content\/uploads\/photo-gallery\/Vyrocni_obrazky_P_Jana_Machace\/1943_novoknez.jpg?bwg=1669339699\" data-elementor-open-lightbox=\"no\">                <div class=\"bwg-item0 \">          <div class=\"bwg-item1 bwg-zoom-effect\">            <div class=\"bwg-item2\">              <img decoding=\"async\" class=\"skip-lazy bwg_standart_thumb_img_0 \"                   data-id=\"2391\"                   data-width=\"500.00\"                   data-height=\"400.00\"                   data-src=\"https:\/\/patermachac.farnostmatej.cz\/wp-content\/uploads\/photo-gallery\/Vyrocni_obrazky_P_Jana_Machace\/thumb\/1943_novoknez.jpg?bwg=1669339699\"                   src=\"https:\/\/patermachac.farnostmatej.cz\/wp-content\/uploads\/photo-gallery\/Vyrocni_obrazky_P_Jana_Machace\/thumb\/1943_novoknez.jpg?bwg=1669339699\"                   alt=\"\"                   title=\"\" \/>            <\/div>            <div class=\"bwg-zoom-effect-overlay\">              <div class=\"bwg-title1\"><div class=\"bwg-title2\">&nbsp;<\/div><\/div>                                        <\/div>          <\/div>        <\/div>                        <\/a>              <\/div>            <div class=\"bwg-item\">        <a class=\"bwg-a  bwg_lightbox\"  data-image-id=\"2392\" href=\"https:\/\/patermachac.farnostmatej.cz\/wp-content\/uploads\/photo-gallery\/Vyrocni_obrazky_P_Jana_Machace\/1993_50-let-knezstvi_obr-1.jpg?bwg=1669339699\" data-elementor-open-lightbox=\"no\">                <div class=\"bwg-item0 \">          <div class=\"bwg-item1 bwg-zoom-effect\">            <div class=\"bwg-item2\">              <img decoding=\"async\" class=\"skip-lazy bwg_standart_thumb_img_0 \"                   data-id=\"2392\"                   data-width=\"500.00\"                   data-height=\"392.00\"                   data-src=\"https:\/\/patermachac.farnostmatej.cz\/wp-content\/uploads\/photo-gallery\/Vyrocni_obrazky_P_Jana_Machace\/thumb\/1993_50-let-knezstvi_obr-1.jpg?bwg=1669339699\"                   src=\"https:\/\/patermachac.farnostmatej.cz\/wp-content\/uploads\/photo-gallery\/Vyrocni_obrazky_P_Jana_Machace\/thumb\/1993_50-let-knezstvi_obr-1.jpg?bwg=1669339699\"                   alt=\"\"                   title=\"\" \/>            <\/div>            <div class=\"bwg-zoom-effect-overlay\">              <div class=\"bwg-title1\"><div class=\"bwg-title2\">&nbsp;<\/div><\/div>                                        <\/div>          <\/div>        <\/div>                        <\/a>              <\/div>            <div class=\"bwg-item\">        <a class=\"bwg-a  bwg_lightbox\"  data-image-id=\"2393\" href=\"https:\/\/patermachac.farnostmatej.cz\/wp-content\/uploads\/photo-gallery\/Vyrocni_obrazky_P_Jana_Machace\/1993_50-let-knezstvi_obr-2.jpg?bwg=1669339699\" data-elementor-open-lightbox=\"no\">                <div class=\"bwg-item0 \">          <div class=\"bwg-item1 bwg-zoom-effect\">            <div class=\"bwg-item2\">              <img decoding=\"async\" class=\"skip-lazy bwg_standart_thumb_img_0 \"                   data-id=\"2393\"                   data-width=\"500.00\"                   data-height=\"388.00\"                   data-src=\"https:\/\/patermachac.farnostmatej.cz\/wp-content\/uploads\/photo-gallery\/Vyrocni_obrazky_P_Jana_Machace\/thumb\/1993_50-let-knezstvi_obr-2.jpg?bwg=1669339699\"                   src=\"https:\/\/patermachac.farnostmatej.cz\/wp-content\/uploads\/photo-gallery\/Vyrocni_obrazky_P_Jana_Machace\/thumb\/1993_50-let-knezstvi_obr-2.jpg?bwg=1669339699\"                   alt=\"\"                   title=\"\" \/>            <\/div>            <div class=\"bwg-zoom-effect-overlay\">              <div class=\"bwg-title1\"><div class=\"bwg-title2\">&nbsp;<\/div><\/div>                                        <\/div>          <\/div>        <\/div>                        <\/a>              <\/div>            <div class=\"bwg-item\">        <a class=\"bwg-a  bwg_lightbox\"  data-image-id=\"2394\" href=\"https:\/\/patermachac.farnostmatej.cz\/wp-content\/uploads\/photo-gallery\/Vyrocni_obrazky_P_Jana_Machace\/1993_50-let-knezstvi_obr-3.jpg?bwg=1669339699\" data-elementor-open-lightbox=\"no\">                <div class=\"bwg-item0 \">          <div class=\"bwg-item1 bwg-zoom-effect\">            <div class=\"bwg-item2\">              <img decoding=\"async\" class=\"skip-lazy bwg_standart_thumb_img_0 \"                   data-id=\"2394\"                   data-width=\"500.00\"                   data-height=\"391.00\"                   data-src=\"https:\/\/patermachac.farnostmatej.cz\/wp-content\/uploads\/photo-gallery\/Vyrocni_obrazky_P_Jana_Machace\/thumb\/1993_50-let-knezstvi_obr-3.jpg?bwg=1669339699\"                   src=\"https:\/\/patermachac.farnostmatej.cz\/wp-content\/uploads\/photo-gallery\/Vyrocni_obrazky_P_Jana_Machace\/thumb\/1993_50-let-knezstvi_obr-3.jpg?bwg=1669339699\"                   alt=\"\"                   title=\"\" \/>            <\/div>            <div class=\"bwg-zoom-effect-overlay\">              <div class=\"bwg-title1\"><div class=\"bwg-title2\">&nbsp;<\/div><\/div>                                        <\/div>          <\/div>        <\/div>                        <\/a>              <\/div>            <div class=\"bwg-item\">        <a class=\"bwg-a  bwg_lightbox\"  data-image-id=\"2395\" href=\"https:\/\/patermachac.farnostmatej.cz\/wp-content\/uploads\/photo-gallery\/Vyrocni_obrazky_P_Jana_Machace\/1993_50-let-knezstvi_obr-4.jpg?bwg=1669339699\" data-elementor-open-lightbox=\"no\">                <div class=\"bwg-item0 \">          <div class=\"bwg-item1 bwg-zoom-effect\">            <div class=\"bwg-item2\">              <img decoding=\"async\" class=\"skip-lazy bwg_standart_thumb_img_0 \"                   data-id=\"2395\"                   data-width=\"500.00\"                   data-height=\"389.00\"                   data-src=\"https:\/\/patermachac.farnostmatej.cz\/wp-content\/uploads\/photo-gallery\/Vyrocni_obrazky_P_Jana_Machace\/thumb\/1993_50-let-knezstvi_obr-4.jpg?bwg=1669339699\"                   src=\"https:\/\/patermachac.farnostmatej.cz\/wp-content\/uploads\/photo-gallery\/Vyrocni_obrazky_P_Jana_Machace\/thumb\/1993_50-let-knezstvi_obr-4.jpg?bwg=1669339699\"                   alt=\"\"                   title=\"\" \/>            <\/div>            <div class=\"bwg-zoom-effect-overlay\">              <div class=\"bwg-title1\"><div class=\"bwg-title2\">&nbsp;<\/div><\/div>                                        <\/div>          <\/div>        <\/div>                        <\/a>              <\/div>            <div class=\"bwg-item\">        <a class=\"bwg-a  bwg_lightbox\"  data-image-id=\"2396\" href=\"https:\/\/patermachac.farnostmatej.cz\/wp-content\/uploads\/photo-gallery\/Vyrocni_obrazky_P_Jana_Machace\/2003_60-let-knezstvi.jpg?bwg=1669339699\" data-elementor-open-lightbox=\"no\">                <div class=\"bwg-item0 \">          <div class=\"bwg-item1 bwg-zoom-effect\">            <div class=\"bwg-item2\">              <img decoding=\"async\" class=\"skip-lazy bwg_standart_thumb_img_0 \"                   data-id=\"2396\"                   data-width=\"500.00\"                   data-height=\"379.00\"                   data-src=\"https:\/\/patermachac.farnostmatej.cz\/wp-content\/uploads\/photo-gallery\/Vyrocni_obrazky_P_Jana_Machace\/thumb\/2003_60-let-knezstvi.jpg?bwg=1669339699\"                   src=\"https:\/\/patermachac.farnostmatej.cz\/wp-content\/uploads\/photo-gallery\/Vyrocni_obrazky_P_Jana_Machace\/thumb\/2003_60-let-knezstvi.jpg?bwg=1669339699\"                   alt=\"\"                   title=\"\" \/>            <\/div>            <div class=\"bwg-zoom-effect-overlay\">              <div class=\"bwg-title1\"><div class=\"bwg-title2\">&nbsp;<\/div><\/div>                                        <\/div>          <\/div>        <\/div>                        <\/a>              <\/div>            <div class=\"bwg-item\">        <a class=\"bwg-a  bwg_lightbox\"  data-image-id=\"2397\" href=\"https:\/\/patermachac.farnostmatej.cz\/wp-content\/uploads\/photo-gallery\/Vyrocni_obrazky_P_Jana_Machace\/2015_vyroci-narozeni-100-let.jpg?bwg=1669339699\" data-elementor-open-lightbox=\"no\">                <div class=\"bwg-item0 \">          <div class=\"bwg-item1 bwg-zoom-effect\">            <div class=\"bwg-item2\">              <img decoding=\"async\" class=\"skip-lazy bwg_standart_thumb_img_0 \"                   data-id=\"2397\"                   data-width=\"322.00\"                   data-height=\"500.00\"                   data-src=\"https:\/\/patermachac.farnostmatej.cz\/wp-content\/uploads\/photo-gallery\/Vyrocni_obrazky_P_Jana_Machace\/thumb\/2015_vyroci-narozeni-100-let.jpg?bwg=1669339699\"                   src=\"https:\/\/patermachac.farnostmatej.cz\/wp-content\/uploads\/photo-gallery\/Vyrocni_obrazky_P_Jana_Machace\/thumb\/2015_vyroci-narozeni-100-let.jpg?bwg=1669339699\"                   alt=\"\"                   title=\"\" \/>            <\/div>            <div class=\"bwg-zoom-effect-overlay\">              <div class=\"bwg-title1\"><div class=\"bwg-title2\">&nbsp;<\/div><\/div>                                        <\/div>          <\/div>        <\/div>                        <\/a>              <\/div>          <\/div>              <\/div>        <\/form>        <style>          #bwg_container1_0 #bwg_container2_0 #spider_popup_overlay_0 {          background-color: #EEEEEE;          opacity: 0.60;          }          <\/style>        <div id=\"bwg_spider_popup_loading_0\" class=\"bwg_spider_popup_loading\"><\/div>        <div id=\"spider_popup_overlay_0\" class=\"spider_popup_overlay\" onclick=\"spider_destroypopup(1000)\"><\/div>        <input type=\"hidden\" id=\"bwg_random_seed_0\" value=\"509486722\">                <\/div>    <\/div>    <script>      if (document.readyState === 'complete') {        if( typeof bwg_main_ready == 'function' ) {          if ( jQuery(\"#bwg_container1_0\").height() ) {            bwg_main_ready(jQuery(\"#bwg_container1_0\"));          }        }      } else {        document.addEventListener('DOMContentLoaded', function() {          if( typeof bwg_main_ready == 'function' ) {            if ( jQuery(\"#bwg_container1_0\").height() ) {             bwg_main_ready(jQuery(\"#bwg_container1_0\"));            }          }        });      }    <\/script>    \n","protected":false},"excerpt":{"rendered":"<p>svat\u00e9 obr\u00e1zky vydan\u00e9 ke kn\u011b\u017esk\u00e9mu sv\u011bcen\u00ed P. Jana Macha\u010de (1943) a jeho v\u00fdro\u010d\u00edm 6 obr\u00e1zk\u016f pam\u011btn\u00ed karti\u010dka vydan\u00e1 ke 100. v\u00fdro\u010d\u00ed narozen\u00ed Mons. Jana Macha\u010de (2015) 1 obr\u00e1zek<\/p>\n","protected":false},"author":3,"featured_media":0,"parent":92,"menu_order":0,"comment_status":"closed","ping_status":"closed","template":"","meta":{"footnotes":""},"class_list":["post-276","page","type-page","status-publish","hentry"],"_links":{"self":[{"href":"https:\/\/patermachac.farnostmatej.cz\/index.php?rest_route=\/wp\/v2\/pages\/276","targetHints":{"allow":["GET"]}}],"collection":[{"href":"https:\/\/patermachac.farnostmatej.cz\/index.php?rest_route=\/wp\/v2\/pages"}],"about":[{"href":"https:\/\/patermachac.farnostmatej.cz\/index.php?rest_route=\/wp\/v2\/types\/page"}],"author":[{"embeddable":true,"href":"https:\/\/patermachac.farnostmatej.cz\/index.php?rest_route=\/wp\/v2\/users\/3"}],"replies":[{"embeddable":true,"href":"https:\/\/patermachac.farnostmatej.cz\/index.php?rest_route=%2Fwp%2Fv2%2Fcomments&post=276"}],"version-history":[{"count":1,"href":"https:\/\/patermachac.farnostmatej.cz\/index.php?rest_route=\/wp\/v2\/pages\/276\/revisions"}],"predecessor-version":[{"id":277,"href":"https:\/\/patermachac.farnostmatej.cz\/index.php?rest_route=\/wp\/v2\/pages\/276\/revisions\/277"}],"up":[{"embeddable":true,"href":"https:\/\/patermachac.farnostmatej.cz\/index.php?rest_route=\/wp\/v2\/pages\/92"}],"wp:attachment":[{"href":"https:\/\/patermachac.farnostmatej.cz\/index.php?rest_route=%2Fwp%2Fv2%2Fmedia&parent=276"}],"curies":[{"name":"wp","href":"https:\/\/api.w.org\/{rel}","templated":true}]}}