{"id":396,"date":"2022-11-25T14:32:39","date_gmt":"2022-11-25T13:32:39","guid":{"rendered":"https:\/\/patermachac.farnostmatej.cz\/?page_id=396"},"modified":"2022-11-25T14:32:39","modified_gmt":"2022-11-25T13:32:39","slug":"jahenske-sveceni-u-sv-mateje-a-sv-vojtecha-1996","status":"publish","type":"page","link":"https:\/\/patermachac.farnostmatej.cz\/?page_id=396","title":{"rendered":"J\u00e1hensk\u00e9 sv\u011bcen\u00ed u sv. Mat\u011bje a sv. Vojt\u011bcha (1996)"},"content":{"rendered":"\n<p>kostel sv. Mat\u011bje v Praze 6 \u2013 Dejvic\u00edch a kostel sv. Vojt\u011bcha v Praze 6 \u2013 Dejvic\u00edch, 21. 12. 1996<br>11 fotografi\u00ed, foto \u00a9 Jaroslav Nov\u00e1k<\/p>\n\n\n\n<style id=\"bwg-style-0\">    #bwg_container1_0 #bwg_container2_0 .bwg-container-0.bwg-standard-thumbnails {      width: 1254px;              justify-content: center;        margin:0 auto !important;              background-color: rgba(255, 255, 255, 0.00);            padding-left: 4px;      padding-top: 4px;      max-width: 100%;            }        #bwg_container1_0 #bwg_container2_0 .bwg-container-0.bwg-standard-thumbnails .bwg-item {    justify-content: flex-start;      max-width: 250px;          }    #bwg_container1_0 #bwg_container2_0 .bwg-container-0.bwg-standard-thumbnails .bwg-item a {       margin-right: 4px;       margin-bottom: 4px;    }    #bwg_container1_0 #bwg_container2_0 .bwg-container-0.bwg-standard-thumbnails .bwg-item0 {      padding: 0px;            background-color:rgba(0,0,0, 0.30);      border: 0px none #CCCCCC;      opacity: 1.00;      border-radius: 0;      box-shadow: ;    }    #bwg_container1_0 #bwg_container2_0 .bwg-container-0.bwg-standard-thumbnails .bwg-item1 img {      max-height: none;      max-width: none;      padding: 0 !important;    }         @media only screen and (min-width: 480px) {\t\t#bwg_container1_0 #bwg_container2_0 .bwg-container-0.bwg-standard-thumbnails .bwg-item1 img {\t\t\t-webkit-transition: all .3s; transition: all .3s;\t\t}\t\t#bwg_container1_0 #bwg_container2_0 .bwg-container-0.bwg-standard-thumbnails .bwg-item1 img:hover {\t\t\t-ms-transform: scale(1.08);\t\t\t-webkit-transform: scale(1.08);\t\t\ttransform: scale(1.08);\t\t}\t\t\t\t.bwg-standard-thumbnails .bwg-zoom-effect .bwg-zoom-effect-overlay {\t\t\t\t\t\tbackground-color:rgba(0,0,0, 0.3);\t\t}\t\t.bwg-standard-thumbnails .bwg-zoom-effect:hover img {\t\t\t-ms-transform: scale(1.08);\t\t\t-webkit-transform: scale(1.08);\t\t\ttransform: scale(1.08);\t\t}\t\t      }\t    #bwg_container1_0 #bwg_container2_0 .bwg-container-0.bwg-standard-thumbnails .bwg-item1 {      padding-top: 64%;    }        #bwg_container1_0 #bwg_container2_0 .bwg-container-0.bwg-standard-thumbnails .bwg-title1 {      position: absolute;      top: 0;      z-index: 100;      width: 100%;      height: 100%;      display: flex;      justify-content: center;      align-content: center;      flex-direction: column;      opacity: 0;    }\t      #bwg_container1_0 #bwg_container2_0 .bwg-container-0.bwg-standard-thumbnails .bwg-title2,    #bwg_container1_0 #bwg_container2_0 .bwg-container-0.bwg-standard-thumbnails .bwg-ecommerce2 {      color: #FFFFFF;      font-family: Ubuntu;      font-size: 16px;      font-weight: bold;      padding: 2px;      text-shadow: ;      max-height: 100%;    }    #bwg_container1_0 #bwg_container2_0 .bwg-container-0.bwg-standard-thumbnails .bwg-thumb-description span {    color: #323A45;    font-family: Ubuntu;    font-size: 12px;    max-height: 100%;    word-wrap: break-word;    }    #bwg_container1_0 #bwg_container2_0 .bwg-container-0.bwg-standard-thumbnails .bwg-play-icon2 {      font-size: 32px;    }    #bwg_container1_0 #bwg_container2_0 .bwg-container-0.bwg-standard-thumbnails .bwg-ecommerce2 {      font-size: 19.2px;      color: #323A45;    }    <\/style>    <div id=\"bwg_container1_0\"         class=\"bwg_container bwg_thumbnail bwg_thumbnails \"         data-right-click-protection=\"0\"         data-bwg=\"0\"         data-scroll=\"0\"         data-gallery-type=\"thumbnails\"         data-gallery-view-type=\"thumbnails\"         data-current-url=\"\/index.php?rest_route=%2Fwp%2Fv2%2Fpages%2F396\"         data-lightbox-url=\"https:\/\/patermachac.farnostmatej.cz\/wp-admin\/admin-ajax.php?action=GalleryBox&#038;current_view=0&#038;gallery_id=57&#038;tag=0&#038;theme_id=1&#038;shortcode_id=168&#038;sort_by=order&#038;order_by=asc&#038;current_url=%2Findex.php%3Frest_route%3D%252Fwp%252Fv2%252Fpages%252F396\"         data-gallery-id=\"57\"         data-popup-width=\"800\"         data-popup-height=\"500\"         data-is-album=\"gallery\"         data-buttons-position=\"bottom\">      <div id=\"bwg_container2_0\">             <div id=\"ajax_loading_0\" class=\"bwg_loading_div_1\">      <div class=\"bwg_loading_div_2\">        <div class=\"bwg_loading_div_3\">          <div id=\"loading_div_0\" class=\"bwg_spider_ajax_loading\">          <\/div>        <\/div>      <\/div>    <\/div>            <form id=\"gal_front_form_0\"              class=\"bwg-hidden\"              method=\"post\"              action=\"#\"              data-current=\"0\"              data-shortcode-id=\"168\"              data-gallery-type=\"thumbnails\"              data-gallery-id=\"57\"              data-tag=\"0\"              data-album-id=\"0\"              data-theme-id=\"1\"              data-ajax-url=\"https:\/\/patermachac.farnostmatej.cz\/wp-admin\/admin-ajax.php?action=bwg_frontend_data\">          <div id=\"bwg_container3_0\" class=\"bwg-background bwg-background-0\">                <div data-max-count=\"5\"         data-thumbnail-width=\"250\"         data-bwg=\"0\"         data-gallery-id=\"57\"         data-lightbox-url=\"https:\/\/patermachac.farnostmatej.cz\/wp-admin\/admin-ajax.php?action=GalleryBox&amp;current_view=0&amp;gallery_id=57&amp;tag=0&amp;theme_id=1&amp;shortcode_id=168&amp;sort_by=order&amp;order_by=asc&amp;current_url=%2Findex.php%3Frest_route%3D%252Fwp%252Fv2%252Fpages%252F396\"         id=\"bwg_thumbnails_0\"         class=\"bwg-container-0 bwg-thumbnails bwg-standard-thumbnails bwg-container bwg-border-box\">            <div class=\"bwg-item\">        <a class=\"bwg-a  bwg_lightbox\"  data-image-id=\"2981\" href=\"https:\/\/patermachac.farnostmatej.cz\/wp-content\/uploads\/photo-gallery\/1996_12_21_sv_Matej_a_Vojtech_jahenske_sveceni\/02.jpg?bwg=1669379995\" data-elementor-open-lightbox=\"no\">                <div class=\"bwg-item0 \">          <div class=\"bwg-item1 bwg-zoom-effect\">            <div class=\"bwg-item2\">              <img decoding=\"async\" class=\"skip-lazy bwg_standart_thumb_img_0 \"                   data-id=\"2981\"                   data-width=\"500.00\"                   data-height=\"325.00\"                   data-src=\"https:\/\/patermachac.farnostmatej.cz\/wp-content\/uploads\/photo-gallery\/1996_12_21_sv_Matej_a_Vojtech_jahenske_sveceni\/thumb\/02.jpg?bwg=1669379995\"                   src=\"https:\/\/patermachac.farnostmatej.cz\/wp-content\/uploads\/photo-gallery\/1996_12_21_sv_Matej_a_Vojtech_jahenske_sveceni\/thumb\/02.jpg?bwg=1669379995\"                   alt=\"\"                   title=\"\" \/>            <\/div>            <div class=\"bwg-zoom-effect-overlay\">              <div class=\"bwg-title1\"><div class=\"bwg-title2\">&nbsp;<\/div><\/div>                                        <\/div>          <\/div>        <\/div>                        <\/a>              <\/div>            <div class=\"bwg-item\">        <a class=\"bwg-a  bwg_lightbox\"  data-image-id=\"2982\" href=\"https:\/\/patermachac.farnostmatej.cz\/wp-content\/uploads\/photo-gallery\/1996_12_21_sv_Matej_a_Vojtech_jahenske_sveceni\/04.jpg?bwg=1669379995\" data-elementor-open-lightbox=\"no\">                <div class=\"bwg-item0 \">          <div class=\"bwg-item1 bwg-zoom-effect\">            <div class=\"bwg-item2\">              <img decoding=\"async\" class=\"skip-lazy bwg_standart_thumb_img_0 \"                   data-id=\"2982\"                   data-width=\"500.00\"                   data-height=\"322.00\"                   data-src=\"https:\/\/patermachac.farnostmatej.cz\/wp-content\/uploads\/photo-gallery\/1996_12_21_sv_Matej_a_Vojtech_jahenske_sveceni\/thumb\/04.jpg?bwg=1669379995\"                   src=\"https:\/\/patermachac.farnostmatej.cz\/wp-content\/uploads\/photo-gallery\/1996_12_21_sv_Matej_a_Vojtech_jahenske_sveceni\/thumb\/04.jpg?bwg=1669379995\"                   alt=\"\"                   title=\"\" \/>            <\/div>            <div class=\"bwg-zoom-effect-overlay\">              <div class=\"bwg-title1\"><div class=\"bwg-title2\">&nbsp;<\/div><\/div>                                        <\/div>          <\/div>        <\/div>                        <\/a>              <\/div>            <div class=\"bwg-item\">        <a class=\"bwg-a  bwg_lightbox\"  data-image-id=\"2983\" href=\"https:\/\/patermachac.farnostmatej.cz\/wp-content\/uploads\/photo-gallery\/1996_12_21_sv_Matej_a_Vojtech_jahenske_sveceni\/07.jpg?bwg=1669379995\" data-elementor-open-lightbox=\"no\">                <div class=\"bwg-item0 \">          <div class=\"bwg-item1 bwg-zoom-effect\">            <div class=\"bwg-item2\">              <img decoding=\"async\" class=\"skip-lazy bwg_standart_thumb_img_0 \"                   data-id=\"2983\"                   data-width=\"500.00\"                   data-height=\"321.00\"                   data-src=\"https:\/\/patermachac.farnostmatej.cz\/wp-content\/uploads\/photo-gallery\/1996_12_21_sv_Matej_a_Vojtech_jahenske_sveceni\/thumb\/07.jpg?bwg=1669379995\"                   src=\"https:\/\/patermachac.farnostmatej.cz\/wp-content\/uploads\/photo-gallery\/1996_12_21_sv_Matej_a_Vojtech_jahenske_sveceni\/thumb\/07.jpg?bwg=1669379995\"                   alt=\"\"                   title=\"\" \/>            <\/div>            <div class=\"bwg-zoom-effect-overlay\">              <div class=\"bwg-title1\"><div class=\"bwg-title2\">&nbsp;<\/div><\/div>                                        <\/div>          <\/div>        <\/div>                        <\/a>              <\/div>            <div class=\"bwg-item\">        <a class=\"bwg-a  bwg_lightbox\"  data-image-id=\"2984\" href=\"https:\/\/patermachac.farnostmatej.cz\/wp-content\/uploads\/photo-gallery\/1996_12_21_sv_Matej_a_Vojtech_jahenske_sveceni\/09.jpg?bwg=1669379995\" data-elementor-open-lightbox=\"no\">                <div class=\"bwg-item0 \">          <div class=\"bwg-item1 bwg-zoom-effect\">            <div class=\"bwg-item2\">              <img decoding=\"async\" class=\"skip-lazy bwg_standart_thumb_img_0 \"                   data-id=\"2984\"                   data-width=\"500.00\"                   data-height=\"321.00\"                   data-src=\"https:\/\/patermachac.farnostmatej.cz\/wp-content\/uploads\/photo-gallery\/1996_12_21_sv_Matej_a_Vojtech_jahenske_sveceni\/thumb\/09.jpg?bwg=1669379995\"                   src=\"https:\/\/patermachac.farnostmatej.cz\/wp-content\/uploads\/photo-gallery\/1996_12_21_sv_Matej_a_Vojtech_jahenske_sveceni\/thumb\/09.jpg?bwg=1669379995\"                   alt=\"\"                   title=\"\" \/>            <\/div>            <div class=\"bwg-zoom-effect-overlay\">              <div class=\"bwg-title1\"><div class=\"bwg-title2\">&nbsp;<\/div><\/div>                                        <\/div>          <\/div>        <\/div>                        <\/a>              <\/div>            <div class=\"bwg-item\">        <a class=\"bwg-a  bwg_lightbox\"  data-image-id=\"2985\" href=\"https:\/\/patermachac.farnostmatej.cz\/wp-content\/uploads\/photo-gallery\/1996_12_21_sv_Matej_a_Vojtech_jahenske_sveceni\/13.jpg?bwg=1669379995\" data-elementor-open-lightbox=\"no\">                <div class=\"bwg-item0 \">          <div class=\"bwg-item1 bwg-zoom-effect\">            <div class=\"bwg-item2\">              <img decoding=\"async\" class=\"skip-lazy bwg_standart_thumb_img_0 \"                   data-id=\"2985\"                   data-width=\"500.00\"                   data-height=\"318.00\"                   data-src=\"https:\/\/patermachac.farnostmatej.cz\/wp-content\/uploads\/photo-gallery\/1996_12_21_sv_Matej_a_Vojtech_jahenske_sveceni\/thumb\/13.jpg?bwg=1669379995\"                   src=\"https:\/\/patermachac.farnostmatej.cz\/wp-content\/uploads\/photo-gallery\/1996_12_21_sv_Matej_a_Vojtech_jahenske_sveceni\/thumb\/13.jpg?bwg=1669379995\"                   alt=\"\"                   title=\"\" \/>            <\/div>            <div class=\"bwg-zoom-effect-overlay\">              <div class=\"bwg-title1\"><div class=\"bwg-title2\">&nbsp;<\/div><\/div>                                        <\/div>          <\/div>        <\/div>                        <\/a>              <\/div>            <div class=\"bwg-item\">        <a class=\"bwg-a  bwg_lightbox\"  data-image-id=\"2986\" href=\"https:\/\/patermachac.farnostmatej.cz\/wp-content\/uploads\/photo-gallery\/1996_12_21_sv_Matej_a_Vojtech_jahenske_sveceni\/14.jpg?bwg=1669379995\" data-elementor-open-lightbox=\"no\">                <div class=\"bwg-item0 \">          <div class=\"bwg-item1 bwg-zoom-effect\">            <div class=\"bwg-item2\">              <img decoding=\"async\" class=\"skip-lazy bwg_standart_thumb_img_0 \"                   data-id=\"2986\"                   data-width=\"500.00\"                   data-height=\"320.00\"                   data-src=\"https:\/\/patermachac.farnostmatej.cz\/wp-content\/uploads\/photo-gallery\/1996_12_21_sv_Matej_a_Vojtech_jahenske_sveceni\/thumb\/14.jpg?bwg=1669379995\"                   src=\"https:\/\/patermachac.farnostmatej.cz\/wp-content\/uploads\/photo-gallery\/1996_12_21_sv_Matej_a_Vojtech_jahenske_sveceni\/thumb\/14.jpg?bwg=1669379995\"                   alt=\"\"                   title=\"\" \/>            <\/div>            <div class=\"bwg-zoom-effect-overlay\">              <div class=\"bwg-title1\"><div class=\"bwg-title2\">&nbsp;<\/div><\/div>                                        <\/div>          <\/div>        <\/div>                        <\/a>              <\/div>            <div class=\"bwg-item\">        <a class=\"bwg-a  bwg_lightbox\"  data-image-id=\"2987\" href=\"https:\/\/patermachac.farnostmatej.cz\/wp-content\/uploads\/photo-gallery\/1996_12_21_sv_Matej_a_Vojtech_jahenske_sveceni\/18.jpg?bwg=1669379995\" data-elementor-open-lightbox=\"no\">                <div class=\"bwg-item0 \">          <div class=\"bwg-item1 bwg-zoom-effect\">            <div class=\"bwg-item2\">              <img decoding=\"async\" class=\"skip-lazy bwg_standart_thumb_img_0 \"                   data-id=\"2987\"                   data-width=\"500.00\"                   data-height=\"321.00\"                   data-src=\"https:\/\/patermachac.farnostmatej.cz\/wp-content\/uploads\/photo-gallery\/1996_12_21_sv_Matej_a_Vojtech_jahenske_sveceni\/thumb\/18.jpg?bwg=1669379995\"                   src=\"https:\/\/patermachac.farnostmatej.cz\/wp-content\/uploads\/photo-gallery\/1996_12_21_sv_Matej_a_Vojtech_jahenske_sveceni\/thumb\/18.jpg?bwg=1669379995\"                   alt=\"\"                   title=\"\" \/>            <\/div>            <div class=\"bwg-zoom-effect-overlay\">              <div class=\"bwg-title1\"><div class=\"bwg-title2\">&nbsp;<\/div><\/div>                                        <\/div>          <\/div>        <\/div>                        <\/a>              <\/div>            <div class=\"bwg-item\">        <a class=\"bwg-a  bwg_lightbox\"  data-image-id=\"2988\" href=\"https:\/\/patermachac.farnostmatej.cz\/wp-content\/uploads\/photo-gallery\/1996_12_21_sv_Matej_a_Vojtech_jahenske_sveceni\/19.jpg?bwg=1669379995\" data-elementor-open-lightbox=\"no\">                <div class=\"bwg-item0 \">          <div class=\"bwg-item1 bwg-zoom-effect\">            <div class=\"bwg-item2\">              <img decoding=\"async\" class=\"skip-lazy bwg_standart_thumb_img_0 \"                   data-id=\"2988\"                   data-width=\"325.00\"                   data-height=\"500.00\"                   data-src=\"https:\/\/patermachac.farnostmatej.cz\/wp-content\/uploads\/photo-gallery\/1996_12_21_sv_Matej_a_Vojtech_jahenske_sveceni\/thumb\/19.jpg?bwg=1669379995\"                   src=\"https:\/\/patermachac.farnostmatej.cz\/wp-content\/uploads\/photo-gallery\/1996_12_21_sv_Matej_a_Vojtech_jahenske_sveceni\/thumb\/19.jpg?bwg=1669379995\"                   alt=\"\"                   title=\"\" \/>            <\/div>            <div class=\"bwg-zoom-effect-overlay\">              <div class=\"bwg-title1\"><div class=\"bwg-title2\">&nbsp;<\/div><\/div>                                        <\/div>          <\/div>        <\/div>                        <\/a>              <\/div>            <div class=\"bwg-item\">        <a class=\"bwg-a  bwg_lightbox\"  data-image-id=\"2989\" href=\"https:\/\/patermachac.farnostmatej.cz\/wp-content\/uploads\/photo-gallery\/1996_12_21_sv_Matej_a_Vojtech_jahenske_sveceni\/22.jpg?bwg=1669379995\" data-elementor-open-lightbox=\"no\">                <div class=\"bwg-item0 \">          <div class=\"bwg-item1 bwg-zoom-effect\">            <div class=\"bwg-item2\">              <img decoding=\"async\" class=\"skip-lazy bwg_standart_thumb_img_0 \"                   data-id=\"2989\"                   data-width=\"500.00\"                   data-height=\"321.00\"                   data-src=\"https:\/\/patermachac.farnostmatej.cz\/wp-content\/uploads\/photo-gallery\/1996_12_21_sv_Matej_a_Vojtech_jahenske_sveceni\/thumb\/22.jpg?bwg=1669379995\"                   src=\"https:\/\/patermachac.farnostmatej.cz\/wp-content\/uploads\/photo-gallery\/1996_12_21_sv_Matej_a_Vojtech_jahenske_sveceni\/thumb\/22.jpg?bwg=1669379995\"                   alt=\"\"                   title=\"\" \/>            <\/div>            <div class=\"bwg-zoom-effect-overlay\">              <div class=\"bwg-title1\"><div class=\"bwg-title2\">&nbsp;<\/div><\/div>                                        <\/div>          <\/div>        <\/div>                        <\/a>              <\/div>            <div class=\"bwg-item\">        <a class=\"bwg-a  bwg_lightbox\"  data-image-id=\"2990\" href=\"https:\/\/patermachac.farnostmatej.cz\/wp-content\/uploads\/photo-gallery\/1996_12_21_sv_Matej_a_Vojtech_jahenske_sveceni\/24.jpg?bwg=1669379995\" data-elementor-open-lightbox=\"no\">                <div class=\"bwg-item0 \">          <div class=\"bwg-item1 bwg-zoom-effect\">            <div class=\"bwg-item2\">              <img decoding=\"async\" class=\"skip-lazy bwg_standart_thumb_img_0 \"                   data-id=\"2990\"                   data-width=\"500.00\"                   data-height=\"320.00\"                   data-src=\"https:\/\/patermachac.farnostmatej.cz\/wp-content\/uploads\/photo-gallery\/1996_12_21_sv_Matej_a_Vojtech_jahenske_sveceni\/thumb\/24.jpg?bwg=1669379995\"                   src=\"https:\/\/patermachac.farnostmatej.cz\/wp-content\/uploads\/photo-gallery\/1996_12_21_sv_Matej_a_Vojtech_jahenske_sveceni\/thumb\/24.jpg?bwg=1669379995\"                   alt=\"\"                   title=\"\" \/>            <\/div>            <div class=\"bwg-zoom-effect-overlay\">              <div class=\"bwg-title1\"><div class=\"bwg-title2\">&nbsp;<\/div><\/div>                                        <\/div>          <\/div>        <\/div>                        <\/a>              <\/div>            <div class=\"bwg-item\">        <a class=\"bwg-a  bwg_lightbox\"  data-image-id=\"2991\" href=\"https:\/\/patermachac.farnostmatej.cz\/wp-content\/uploads\/photo-gallery\/1996_12_21_sv_Matej_a_Vojtech_jahenske_sveceni\/26.jpg?bwg=1669379995\" data-elementor-open-lightbox=\"no\">                <div class=\"bwg-item0 \">          <div class=\"bwg-item1 bwg-zoom-effect\">            <div class=\"bwg-item2\">              <img decoding=\"async\" class=\"skip-lazy bwg_standart_thumb_img_0 \"                   data-id=\"2991\"                   data-width=\"500.00\"                   data-height=\"316.00\"                   data-src=\"https:\/\/patermachac.farnostmatej.cz\/wp-content\/uploads\/photo-gallery\/1996_12_21_sv_Matej_a_Vojtech_jahenske_sveceni\/thumb\/26.jpg?bwg=1669379995\"                   src=\"https:\/\/patermachac.farnostmatej.cz\/wp-content\/uploads\/photo-gallery\/1996_12_21_sv_Matej_a_Vojtech_jahenske_sveceni\/thumb\/26.jpg?bwg=1669379995\"                   alt=\"\"                   title=\"\" \/>            <\/div>            <div class=\"bwg-zoom-effect-overlay\">              <div class=\"bwg-title1\"><div class=\"bwg-title2\">&nbsp;<\/div><\/div>                                        <\/div>          <\/div>        <\/div>                        <\/a>              <\/div>          <\/div>              <\/div>        <\/form>        <style>          #bwg_container1_0 #bwg_container2_0 #spider_popup_overlay_0 {          background-color: #EEEEEE;          opacity: 0.60;          }          <\/style>        <div id=\"bwg_spider_popup_loading_0\" class=\"bwg_spider_popup_loading\"><\/div>        <div id=\"spider_popup_overlay_0\" class=\"spider_popup_overlay\" onclick=\"spider_destroypopup(1000)\"><\/div>        <input type=\"hidden\" id=\"bwg_random_seed_0\" value=\"1648434142\">                <\/div>    <\/div>    <script>      if (document.readyState === 'complete') {        if( typeof bwg_main_ready == 'function' ) {          if ( jQuery(\"#bwg_container1_0\").height() ) {            bwg_main_ready(jQuery(\"#bwg_container1_0\"));          }        }      } else {        document.addEventListener('DOMContentLoaded', function() {          if( typeof bwg_main_ready == 'function' ) {            if ( jQuery(\"#bwg_container1_0\").height() ) {             bwg_main_ready(jQuery(\"#bwg_container1_0\"));            }          }        });      }    <\/script>    \n","protected":false},"excerpt":{"rendered":"<p>kostel sv. Mat\u011bje v Praze 6 \u2013 Dejvic\u00edch a kostel sv. Vojt\u011bcha v Praze 6 \u2013 Dejvic\u00edch, 21. 12. 199611 fotografi\u00ed, foto \u00a9 Jaroslav Nov\u00e1k<\/p>\n","protected":false},"author":3,"featured_media":0,"parent":92,"menu_order":0,"comment_status":"closed","ping_status":"closed","template":"","meta":{"footnotes":""},"class_list":["post-396","page","type-page","status-publish","hentry"],"_links":{"self":[{"href":"https:\/\/patermachac.farnostmatej.cz\/index.php?rest_route=\/wp\/v2\/pages\/396","targetHints":{"allow":["GET"]}}],"collection":[{"href":"https:\/\/patermachac.farnostmatej.cz\/index.php?rest_route=\/wp\/v2\/pages"}],"about":[{"href":"https:\/\/patermachac.farnostmatej.cz\/index.php?rest_route=\/wp\/v2\/types\/page"}],"author":[{"embeddable":true,"href":"https:\/\/patermachac.farnostmatej.cz\/index.php?rest_route=\/wp\/v2\/users\/3"}],"replies":[{"embeddable":true,"href":"https:\/\/patermachac.farnostmatej.cz\/index.php?rest_route=%2Fwp%2Fv2%2Fcomments&post=396"}],"version-history":[{"count":1,"href":"https:\/\/patermachac.farnostmatej.cz\/index.php?rest_route=\/wp\/v2\/pages\/396\/revisions"}],"predecessor-version":[{"id":397,"href":"https:\/\/patermachac.farnostmatej.cz\/index.php?rest_route=\/wp\/v2\/pages\/396\/revisions\/397"}],"up":[{"embeddable":true,"href":"https:\/\/patermachac.farnostmatej.cz\/index.php?rest_route=\/wp\/v2\/pages\/92"}],"wp:attachment":[{"href":"https:\/\/patermachac.farnostmatej.cz\/index.php?rest_route=%2Fwp%2Fv2%2Fmedia&parent=396"}],"curies":[{"name":"wp","href":"https:\/\/api.w.org\/{rel}","templated":true}]}}